{"id":48,"date":"2024-05-16T14:46:35","date_gmt":"2024-05-16T12:46:35","guid":{"rendered":"https:\/\/csgconsultores.com.136-144-253-96.136-144-253-96.visualpublinet.com\/?page_id=48"},"modified":"2024-05-24T09:45:53","modified_gmt":"2024-05-24T07:45:53","slug":"accesibilidad","status":"publish","type":"page","link":"https:\/\/csgconsultores.com\/en\/accesibilidad\/","title":{"rendered":"Accesibilidad"},"content":{"rendered":"<p>[et_pb_section fb_built=\u00bb1&#8243; custom_padding_last_edited=\u00bbon|tablet\u00bb admin_label=\u00bbCABECERA\u00bb _builder_version=\u00bb4.25.1&#8243; _module_preset=\u00bbdefault\u00bb background_enable_image=\u00bboff\u00bb background_blend=\u00bboverlay\u00bb custom_margin=\u00bb0px||||false|false\u00bb custom_margin_tablet=\u00bb0px||||false|false\u00bb custom_margin_phone=\u00bb0px||||false|false\u00bb custom_margin_last_edited=\u00bbon|desktop\u00bb custom_padding_tablet=\u00bb0px||||false|false\u00bb custom_padding_phone=\u00bb0px||||false|false\u00bb locked=\u00bboff\u00bb global_colors_info=\u00bb{}\u00bb theme_builder_area=\u00bbpost_content\u00bb][et_pb_row make_equal=\u00bbon\u00bb custom_padding_last_edited=\u00bbon|tablet\u00bb module_class=\u00bbrowCabecera\u00bb _builder_version=\u00bb4.25.1&#8243; _module_preset=\u00bbdefault\u00bb use_background_color_gradient=\u00bbon\u00bb background_color_gradient_stops=\u00bb#e6e4e4 0%|#ffffff 100%\u00bb background_enable_image=\u00bboff\u00bb background_position=\u00bbbottom_center\u00bb background_vertical_offset=\u00bb22%\u00bb background_blend=\u00bboverlay\u00bb width=\u00bb100%\u00bb max_width=\u00bb85%\u00bb max_width_tablet=\u00bb90%\u00bb max_width_phone=\u00bb90%\u00bb max_width_last_edited=\u00bbon|desktop\u00bb module_alignment=\u00bbcenter\u00bb min_height=\u00bb300px\u00bb min_height_tablet=\u00bb500px\u00bb min_height_phone=\u00bb500px\u00bb min_height_last_edited=\u00bbon|phone\u00bb height=\u00bb300px\u00bb height_tablet=\u00bb500px\u00bb height_phone=\u00bb500px\u00bb height_last_edited=\u00bbon|phone\u00bb max_height=\u00bb300px\u00bb max_height_tablet=\u00bb500px\u00bb max_height_phone=\u00bb500px\u00bb max_height_last_edited=\u00bbon|phone\u00bb custom_margin=\u00bb52px||||false|false\u00bb custom_margin_tablet=\u00bb0px||||false|false\u00bb custom_margin_phone=\u00bb0px||||false|false\u00bb custom_margin_last_edited=\u00bbon|phone\u00bb custom_padding_tablet=\u00bb0px||||false|false\u00bb custom_padding_phone=\u00bb0px||||false|false\u00bb background_last_edited=\u00bboff|phone\u00bb background_image_phone=\u00bbhttps:\/\/csgconsultores.com\/wp-content\/uploads\/2024\/05\/fiscalCSG.jpg\u00bb background_enable_image_phone=\u00bbon\u00bb background_position_phone=\u00bbcenter\u00bb custom_css_main_element=\u00bbdisplay: flex;||\talign-items: center;||\tjustify-content: center;\u00bb global_colors_info=\u00bb{}\u00bb theme_builder_area=\u00bbpost_content\u00bb][et_pb_column type=\u00bb4_4&#8243; _builder_version=\u00bb4.25.1&#8243; _module_preset=\u00bbdefault\u00bb global_colors_info=\u00bb{}\u00bb theme_builder_area=\u00bbpost_content\u00bb][et_pb_text admin_label=\u00bbH1&#8243; _builder_version=\u00bb4.25.1&#8243; _dynamic_attributes=\u00bbcontent\u00bb _module_preset=\u00bbdefault\u00bb header_text_align=\u00bbcenter\u00bb custom_padding=\u00bb|2px||2px|false|false\u00bb global_colors_info=\u00bb{}\u00bb theme_builder_area=\u00bbpost_content\u00bb]@ET-DC@eyJkeW5hbWljIjp0cnVlLCJjb250ZW50IjoicG9zdF90aXRsZSIsInNldHRpbmdzIjp7ImJlZm9yZSI6IjxoMSBjbGFzcz1cInRpdHVsb1Bvc3RcIj4iLCJhZnRlciI6IjwvaDE+In19@[\/et_pb_text][\/et_pb_column][\/et_pb_row][\/et_pb_section][et_pb_section fb_built=\u00bb1&#8243; _builder_version=\u00bb4.25.1&#8243; _module_preset=\u00bbdefault\u00bb global_colors_info=\u00bb{}\u00bb theme_builder_area=\u00bbpost_content\u00bb][et_pb_row _builder_version=\u00bb4.25.1&#8243; _module_preset=\u00bbdefault\u00bb width=\u00bb100%\u00bb max_width=\u00bb70%\u00bb max_width_tablet=\u00bb90%\u00bb max_width_phone=\u00bb90%\u00bb max_width_last_edited=\u00bbon|desktop\u00bb global_colors_info=\u00bb{}\u00bb theme_builder_area=\u00bbpost_content\u00bb][et_pb_column type=\u00bb4_4&#8243; _builder_version=\u00bb4.25.1&#8243; _module_preset=\u00bbdefault\u00bb global_colors_info=\u00bb{}\u00bb theme_builder_area=\u00bbpost_content\u00bb][et_pb_text module_class=\u00bbenlace\u00bb _builder_version=\u00bb4.25.1&#8243; _module_preset=\u00bbdefault\u00bb text_font=\u00bbMontserrat||||||||\u00bb text_text_color=\u00bb#26292C\u00bb header_2_font=\u00bbMontserrat|500|||||||\u00bb header_2_text_color=\u00bb#781126&#8243; header_3_font=\u00bbMontserrat|500|||||||\u00bb header_3_text_color=\u00bb#781126&#8243; header_4_font=\u00bbMontserrat|500|||||||\u00bb header_4_text_color=\u00bb#26292C\u00bb header_5_font=\u00bbMontserrat|500|||||||\u00bb header_5_text_color=\u00bb#26292C\u00bb header_6_font=\u00bbMontserrat|500|||||||\u00bb header_6_text_color=\u00bb#26292C\u00bb hover_enabled=\u00bb0&#8243; global_colors_info=\u00bb{}\u00bb theme_builder_area=\u00bbpost_content\u00bb sticky_enabled=\u00bb0&#8243;]<\/p>\n<p>Nuestro compromiso es hacer accesible este sitio web, de conformidad con el Real Decreto 1112\/2018, de 7 de septiembre, sobre accesibilidad de los sitios web y aplicaciones para dispositivos m\u00f3viles del sector p\u00fablico.<\/p>\n<h2>SITUACI\u00d3N DE CUMPLIMIENTO<\/h2>\n<p>Este sitio web es parcialmente conforme con el RD 1112\/2018 debido a las excepciones y a la falta de conformidad de los aspectos que se indican en el siguiente punto.<\/p>\n<h2>CONTENIDO NO ACCESIBLE<\/h2>\n<p>El contenido que se recoge a continuaci\u00f3n podr\u00eda no ser accesible por lo siguiente:<\/p>\n<p>Podr\u00edan existir algunos aspectos de contraste que no cumplan los m\u00ednimos exigidos,.\u00a1con respecto a los colores adyacentes del fondo.<\/p>\n<p>Podr\u00edan existir algunos elementos no textuales no etiquetados correctamente.<\/p>\n<p>Los buscadores buscan autom\u00e1ticamente sin necesidad de ordenar ninguna acci\u00f3n por parte del usuario.<\/p>\n<p>Podr\u00edan existir algunos textos en otro idioma no etiquetados correctamente.<\/p>\n<p>Podr\u00edan existir errores de c\u00f3digo puntuales de edici\u00f3n en alguna p\u00e1gina web.<\/p>\n<p>Podr\u00edan existir archivos ofim\u00e1ticos en PDF u otros formatos publicados que no cumplan en su totalidad todos los requisitos de accesibilidad. Aunque se ha procurado que la mayor\u00eda de ellos s\u00ed lo cumplan.<\/p>\n<h2>PREPARACI\u00d3N DE LA SIGUIENTE DECLARACI\u00d3N DE ACCESIBILIDAD<\/h2>\n<p>El m\u00e9todo empleado para preparar la declaraci\u00f3n ha sido una autoevaluaci\u00f3n llevada a cabo por el responsable del desarrollo web.<\/p>\n<h2>OBSERVACIONES Y DATOS DE CONTACTO<\/h2>\n<p>Puede realizar comunicaciones sobre requisitos de accesibilidad (art\u00edculo 10.2.a del RD 1112\/2018) como por ejemplo:<\/p>\n<ul>\n<li>Informar sobre cualquier posible incumplimiento por parte de este sitio web<\/li>\n<li>Transmitir otras dificultades de acceso al contenido<\/li>\n<li>Formular cualquier otra consulta o sugerencia de mejora relativa a la accesibilidad del sitio web<\/li>\n<\/ul>\n<p>Puede presentar:<\/p>\n<ul>\n<li>Queja relativa al cumplimiento de los requisitos del RD 1112\/2018 o<\/li>\n<li>Solicitud de Informaci\u00f3n accesible relativa a:<\/li>\n<\/ul>\n<p>Contenidos que est\u00e1n excluidos del \u00e1mbito de aplicaci\u00f3n del RD 1112\/2018 seg\u00fan lo establecido por el art\u00edculo 3, apartado 4<\/p>\n<p>Contenidos que est\u00e1n exentos del cumplimiento de los requisitos de accesibilidad por imponer una carga desproporcionada.<\/p>\n<p>En la Solicitud de informaci\u00f3n accesible, se debe concretar, con toda claridad, los hechos, razones y petici\u00f3n que permitan constatar que se trata de una solicitud razonable y leg\u00edtima.<\/p>\n<h2>PROCEDIMIENTO DE APLICACI\u00d3N<\/h2>\n<p>Si una vez realizada una solicitud de informaci\u00f3n accesible o queja, \u00e9sta hubiera sido desestimada, no se estuviera de acuerdo con la decisi\u00f3n adoptada, o la respuesta no cumpliera los requisitos contemplados en el art\u00edculo 12.5, la persona interesada podr\u00e1 iniciar una reclamaci\u00f3n. Igualmente se podr\u00e1 iniciar una reclamaci\u00f3n en el caso de que haya transcurrido el plazo de veinte d\u00edas h\u00e1biles sin haber obtenido respuesta.<\/p>\n<p>La reclamaci\u00f3n puede ser presentada a trav\u00e9s de la Instancia Gen\u00e9rica de la Sede electr\u00f3nica del Ministerio de Asuntos Econ\u00f3micos y Transformaci\u00f3n Digital , as\u00ed como en el resto de opciones recogidas en la Ley 39\/ 2015, de 1 de octubre, del Procedimiento Administrativo Com\u00fan de las Administraciones P\u00fablicas.\u00a0 Las reclamaciones ser\u00e1n recibidas y tratadas por la Subdirecci\u00f3n General de Inspecci\u00f3n de Servicios del Ministerio.<\/p>\n<h2>CONTENIDO OPCIONAL<\/h2>\n<p>Este portal est\u00e1 dise\u00f1ado para poder cambiar el tama\u00f1o del texto y el color, as\u00ed como el fondo de la p\u00e1gina mediante las opciones de configuraci\u00f3n est\u00e1ndar de los navegadores.<\/p>\n<p>Si desea cambiar el tama\u00f1o de letra del texto en los principales navegadores gr\u00e1ficos utilice los siguientes men\u00fas:<\/p>\n<ul>\n<li>Internet Explorer, Mozilla y Firefox: Ver &gt; Tama\u00f1o del texto<\/li>\n<li>Opera: Ver &gt; Zoom<\/li>\n<li>Safari: Ver &gt; Hacer el texto m\u00e1s grande<\/li>\n<li>Chrome: Controla la p\u00e1gina actual &gt; Tama\u00f1o del texto<\/li>\n<li>Para modificar el tama\u00f1o de todo en la p\u00e1gina:<\/li>\n<li>Ctrl + + para aumentarlo<\/li>\n<li>Ctrl + \u2013 para disminuirlo<\/li>\n<li>Ctrl + 0 restaura el tama\u00f1o original del texto<\/li>\n<li>Si lo que quiere es anular la hoja de estilos o modificar el color del texto, puede consultar la p\u00e1gina How to Change Text Size or Colors de la WAI, que se puede leer traducida al espa\u00f1ol en \u00bfC\u00f3mo cambiar el tama\u00f1o del texto o colores?<\/li>\n<\/ul>\n<p>&nbsp;<\/p>\n<p>[\/et_pb_text][\/et_pb_column][\/et_pb_row][\/et_pb_section]<\/p>\n","protected":false},"excerpt":{"rendered":"<p>Nuestro compromiso es hacer accesible este sitio web, de conformidad con el Real Decreto 1112\/2018, de 7 de septiembre, sobre accesibilidad de los sitios web y aplicaciones para dispositivos m\u00f3viles del sector p\u00fablico. SITUACI\u00d3N DE CUMPLIMIENTO Este sitio web es parcialmente conforme con el RD 1112\/2018 debido a las excepciones y a la falta de [&hellip;]<\/p>\n","protected":false},"author":1,"featured_media":0,"parent":0,"menu_order":0,"comment_status":"closed","ping_status":"closed","template":"","meta":{"_et_pb_use_builder":"on","_et_pb_old_content":"","_et_gb_content_width":"","footnotes":""},"class_list":["post-48","page","type-page","status-publish","hentry"],"yoast_head":"<!-- This site is optimized with the Yoast SEO plugin v27.4 - https:\/\/yoast.com\/product\/yoast-seo-wordpress\/ -->\n<title>Accesibilidad - csgconsultores<\/title>\n<meta name=\"robots\" content=\"index, follow, max-snippet:-1, max-image-preview:large, max-video-preview:-1\" \/>\n<link rel=\"canonical\" href=\"https:\/\/csgconsultores.com\/en\/accesibilidad\/\" \/>\n<meta property=\"og:locale\" content=\"en_US\" \/>\n<meta property=\"og:type\" content=\"article\" \/>\n<meta property=\"og:title\" content=\"Accesibilidad - csgconsultores\" \/>\n<meta property=\"og:description\" content=\"Nuestro compromiso es hacer accesible este sitio web, de conformidad con el Real Decreto 1112\/2018, de 7 de septiembre, sobre accesibilidad de los sitios web y aplicaciones para dispositivos m\u00f3viles del sector p\u00fablico. SITUACI\u00d3N DE CUMPLIMIENTO Este sitio web es parcialmente conforme con el RD 1112\/2018 debido a las excepciones y a la falta de [&hellip;]\" \/>\n<meta property=\"og:url\" content=\"https:\/\/csgconsultores.com\/en\/accesibilidad\/\" \/>\n<meta property=\"og:site_name\" content=\"csgconsultores\" \/>\n<meta property=\"article:modified_time\" content=\"2024-05-24T07:45:53+00:00\" \/>\n<meta name=\"twitter:card\" content=\"summary_large_image\" \/>\n<meta name=\"twitter:label1\" content=\"Est. reading time\" \/>\n\t<meta name=\"twitter:data1\" content=\"3 minutes\" \/>\n<script type=\"application\/ld+json\" class=\"yoast-schema-graph\">{\"@context\":\"https:\\\/\\\/schema.org\",\"@graph\":[{\"@type\":\"WebPage\",\"@id\":\"https:\\\/\\\/csgconsultores.com\\\/accesibilidad\\\/\",\"url\":\"https:\\\/\\\/csgconsultores.com\\\/accesibilidad\\\/\",\"name\":\"Accesibilidad - csgconsultores\",\"isPartOf\":{\"@id\":\"https:\\\/\\\/csgconsultores.com\\\/#website\"},\"datePublished\":\"2024-05-16T12:46:35+00:00\",\"dateModified\":\"2024-05-24T07:45:53+00:00\",\"breadcrumb\":{\"@id\":\"https:\\\/\\\/csgconsultores.com\\\/accesibilidad\\\/#breadcrumb\"},\"inLanguage\":\"en-US\",\"potentialAction\":[{\"@type\":\"ReadAction\",\"target\":[\"https:\\\/\\\/csgconsultores.com\\\/accesibilidad\\\/\"]}]},{\"@type\":\"BreadcrumbList\",\"@id\":\"https:\\\/\\\/csgconsultores.com\\\/accesibilidad\\\/#breadcrumb\",\"itemListElement\":[{\"@type\":\"ListItem\",\"position\":1,\"name\":\"Portada\",\"item\":\"https:\\\/\\\/csgconsultores.com\\\/\"},{\"@type\":\"ListItem\",\"position\":2,\"name\":\"Accesibilidad\"}]},{\"@type\":\"WebSite\",\"@id\":\"https:\\\/\\\/csgconsultores.com\\\/#website\",\"url\":\"https:\\\/\\\/csgconsultores.com\\\/\",\"name\":\"csgconsultores\",\"description\":\"\",\"potentialAction\":[{\"@type\":\"SearchAction\",\"target\":{\"@type\":\"EntryPoint\",\"urlTemplate\":\"https:\\\/\\\/csgconsultores.com\\\/?s={search_term_string}\"},\"query-input\":{\"@type\":\"PropertyValueSpecification\",\"valueRequired\":true,\"valueName\":\"search_term_string\"}}],\"inLanguage\":\"en-US\"}]}<\/script>\n<!-- \/ Yoast SEO plugin. -->","yoast_head_json":{"title":"Accesibilidad - csgconsultores","robots":{"index":"index","follow":"follow","max-snippet":"max-snippet:-1","max-image-preview":"max-image-preview:large","max-video-preview":"max-video-preview:-1"},"canonical":"https:\/\/csgconsultores.com\/en\/accesibilidad\/","og_locale":"en_US","og_type":"article","og_title":"Accesibilidad - csgconsultores","og_description":"Nuestro compromiso es hacer accesible este sitio web, de conformidad con el Real Decreto 1112\/2018, de 7 de septiembre, sobre accesibilidad de los sitios web y aplicaciones para dispositivos m\u00f3viles del sector p\u00fablico. SITUACI\u00d3N DE CUMPLIMIENTO Este sitio web es parcialmente conforme con el RD 1112\/2018 debido a las excepciones y a la falta de [&hellip;]","og_url":"https:\/\/csgconsultores.com\/en\/accesibilidad\/","og_site_name":"csgconsultores","article_modified_time":"2024-05-24T07:45:53+00:00","twitter_card":"summary_large_image","twitter_misc":{"Est. reading time":"3 minutes"},"schema":{"@context":"https:\/\/schema.org","@graph":[{"@type":"WebPage","@id":"https:\/\/csgconsultores.com\/accesibilidad\/","url":"https:\/\/csgconsultores.com\/accesibilidad\/","name":"Accesibilidad - csgconsultores","isPartOf":{"@id":"https:\/\/csgconsultores.com\/#website"},"datePublished":"2024-05-16T12:46:35+00:00","dateModified":"2024-05-24T07:45:53+00:00","breadcrumb":{"@id":"https:\/\/csgconsultores.com\/accesibilidad\/#breadcrumb"},"inLanguage":"en-US","potentialAction":[{"@type":"ReadAction","target":["https:\/\/csgconsultores.com\/accesibilidad\/"]}]},{"@type":"BreadcrumbList","@id":"https:\/\/csgconsultores.com\/accesibilidad\/#breadcrumb","itemListElement":[{"@type":"ListItem","position":1,"name":"Portada","item":"https:\/\/csgconsultores.com\/"},{"@type":"ListItem","position":2,"name":"Accesibilidad"}]},{"@type":"WebSite","@id":"https:\/\/csgconsultores.com\/#website","url":"https:\/\/csgconsultores.com\/","name":"csgconsultores","description":"","potentialAction":[{"@type":"SearchAction","target":{"@type":"EntryPoint","urlTemplate":"https:\/\/csgconsultores.com\/?s={search_term_string}"},"query-input":{"@type":"PropertyValueSpecification","valueRequired":true,"valueName":"search_term_string"}}],"inLanguage":"en-US"}]}},"_links":{"self":[{"href":"https:\/\/csgconsultores.com\/en\/wp-json\/wp\/v2\/pages\/48","targetHints":{"allow":["GET"]}}],"collection":[{"href":"https:\/\/csgconsultores.com\/en\/wp-json\/wp\/v2\/pages"}],"about":[{"href":"https:\/\/csgconsultores.com\/en\/wp-json\/wp\/v2\/types\/page"}],"author":[{"embeddable":true,"href":"https:\/\/csgconsultores.com\/en\/wp-json\/wp\/v2\/users\/1"}],"replies":[{"embeddable":true,"href":"https:\/\/csgconsultores.com\/en\/wp-json\/wp\/v2\/comments?post=48"}],"version-history":[{"count":2,"href":"https:\/\/csgconsultores.com\/en\/wp-json\/wp\/v2\/pages\/48\/revisions"}],"predecessor-version":[{"id":345165,"href":"https:\/\/csgconsultores.com\/en\/wp-json\/wp\/v2\/pages\/48\/revisions\/345165"}],"wp:attachment":[{"href":"https:\/\/csgconsultores.com\/en\/wp-json\/wp\/v2\/media?parent=48"}],"curies":[{"name":"wp","href":"https:\/\/api.w.org\/{rel}","templated":true}]}}