{"id":43,"date":"2024-05-16T14:45:35","date_gmt":"2024-05-16T12:45:35","guid":{"rendered":"https:\/\/csgconsultores.com.136-144-253-96.136-144-253-96.visualpublinet.com\/?page_id=43"},"modified":"2024-05-24T09:03:03","modified_gmt":"2024-05-24T07:03:03","slug":"privacidad","status":"publish","type":"page","link":"https:\/\/csgconsultores.com\/en\/privacidad\/","title":{"rendered":"Privacidad"},"content":{"rendered":"<p>[et_pb_section fb_built=\u00bb1&#8243; custom_padding_last_edited=\u00bbon|tablet\u00bb admin_label=\u00bbCABECERA\u00bb _builder_version=\u00bb4.25.1&#8243; _module_preset=\u00bbdefault\u00bb background_enable_image=\u00bboff\u00bb background_blend=\u00bboverlay\u00bb custom_margin=\u00bb0px||||false|false\u00bb custom_margin_tablet=\u00bb0px||||false|false\u00bb custom_margin_phone=\u00bb0px||||false|false\u00bb custom_margin_last_edited=\u00bbon|desktop\u00bb custom_padding_tablet=\u00bb0px||||false|false\u00bb custom_padding_phone=\u00bb0px||||false|false\u00bb locked=\u00bboff\u00bb global_colors_info=\u00bb{}\u00bb][et_pb_row make_equal=\u00bbon\u00bb custom_padding_last_edited=\u00bbon|tablet\u00bb module_class=\u00bbrowCabecera\u00bb _builder_version=\u00bb4.25.1&#8243; _module_preset=\u00bbdefault\u00bb use_background_color_gradient=\u00bbon\u00bb background_color_gradient_stops=\u00bb#e6e4e4 0%|#ffffff 100%\u00bb background_enable_image=\u00bboff\u00bb background_position=\u00bbbottom_center\u00bb background_vertical_offset=\u00bb22%\u00bb background_blend=\u00bboverlay\u00bb width=\u00bb100%\u00bb max_width=\u00bb85%\u00bb max_width_tablet=\u00bb90%\u00bb max_width_phone=\u00bb90%\u00bb max_width_last_edited=\u00bbon|desktop\u00bb module_alignment=\u00bbcenter\u00bb min_height=\u00bb300px\u00bb min_height_tablet=\u00bb500px\u00bb min_height_phone=\u00bb500px\u00bb min_height_last_edited=\u00bbon|phone\u00bb height=\u00bb300px\u00bb height_tablet=\u00bb500px\u00bb height_phone=\u00bb500px\u00bb height_last_edited=\u00bbon|phone\u00bb max_height=\u00bb300px\u00bb max_height_tablet=\u00bb500px\u00bb max_height_phone=\u00bb500px\u00bb max_height_last_edited=\u00bbon|phone\u00bb custom_margin=\u00bb52px||||false|false\u00bb custom_margin_tablet=\u00bb0px||||false|false\u00bb custom_margin_phone=\u00bb0px||||false|false\u00bb custom_margin_last_edited=\u00bbon|phone\u00bb custom_padding_tablet=\u00bb0px||||false|false\u00bb custom_padding_phone=\u00bb0px||||false|false\u00bb background_last_edited=\u00bboff|phone\u00bb background_image_phone=\u00bbhttps:\/\/csgconsultores.com\/wp-content\/uploads\/2024\/05\/fiscalCSG.jpg\u00bb background_enable_image_phone=\u00bbon\u00bb background_position_phone=\u00bbcenter\u00bb custom_css_main_element=\u00bbdisplay: flex;||\talign-items: center;||\tjustify-content: center;\u00bb global_colors_info=\u00bb{}\u00bb][et_pb_column type=\u00bb4_4&#8243; _builder_version=\u00bb4.25.1&#8243; _module_preset=\u00bbdefault\u00bb global_colors_info=\u00bb{}\u00bb][et_pb_text admin_label=\u00bbH1&#8243; _builder_version=\u00bb4.25.1&#8243; _dynamic_attributes=\u00bbcontent\u00bb _module_preset=\u00bbdefault\u00bb header_text_align=\u00bbcenter\u00bb custom_padding=\u00bb|2px||2px|false|false\u00bb global_colors_info=\u00bb{}\u00bb]@ET-DC@eyJkeW5hbWljIjp0cnVlLCJjb250ZW50IjoicG9zdF90aXRsZSIsInNldHRpbmdzIjp7ImJlZm9yZSI6IjxoMSBjbGFzcz1cInRpdHVsb1Bvc3RcIj4iLCJhZnRlciI6IjwvaDE+In19@[\/et_pb_text][\/et_pb_column][\/et_pb_row][\/et_pb_section][et_pb_section fb_built=\u00bb1&#8243; _builder_version=\u00bb4.25.1&#8243; _module_preset=\u00bbdefault\u00bb global_colors_info=\u00bb{}\u00bb][et_pb_row _builder_version=\u00bb4.25.1&#8243; _module_preset=\u00bbdefault\u00bb width=\u00bb100%\u00bb max_width=\u00bb70%\u00bb max_width_tablet=\u00bb90%\u00bb max_width_phone=\u00bb90%\u00bb max_width_last_edited=\u00bbon|desktop\u00bb global_colors_info=\u00bb{}\u00bb][et_pb_column type=\u00bb4_4&#8243; _builder_version=\u00bb4.25.1&#8243; _module_preset=\u00bbdefault\u00bb global_colors_info=\u00bb{}\u00bb][et_pb_text module_class=\u00bbenlace\u00bb _builder_version=\u00bb4.25.1&#8243; _module_preset=\u00bbdefault\u00bb text_font=\u00bbMontserrat||||||||\u00bb text_text_color=\u00bb#26292C\u00bb header_2_font=\u00bbMontserrat||||||||\u00bb header_2_text_color=\u00bb#781126&#8243; header_3_font=\u00bbMontserrat||||||||\u00bb header_3_text_color=\u00bb#781126&#8243; header_4_font=\u00bbMontserrat||||||||\u00bb header_4_text_color=\u00bb#26292C\u00bb header_5_font=\u00bbMontserrat||||||||\u00bb header_5_text_color=\u00bb#26292C\u00bb header_6_font=\u00bbMontserrat||||||||\u00bb header_6_text_color=\u00bb#26292C\u00bb global_colors_info=\u00bb{}\u00bb]<\/p>\n<p>La Pol\u00edtica de Privacidad de\u00a0<a href=\"https:\/\/csgconsultores.com\"><b>www.csgconsultores.com<\/b><\/a>\u00a0tiene como objeto: informar al usuario del Sitio Web sobre el funcionamiento del mismo en lo relativo a los distintos tratamientos de datos que se llevan a cabo a trav\u00e9s del Portal; y poner en conocimiento del usuario la utilizaci\u00f3n de cookies con motivo de su navegaci\u00f3n a trav\u00e9s del Sitio Web.<\/p>\n<h2>1. Quienes Somos<\/h2>\n<p>Ponemos en su conocimiento que la p\u00e1gina con direcci\u00f3n URL\u00a0<a href=\"https:\/\/csgconsultores.com\"><b>www.csgconsultores.com<\/b><\/a>\u00a0 (en adelante, el\u00a0<b>\u201cSitio Web\u201d<\/b>\u00a0o el\u00a0<b>\u201cPortal\u201d<\/b>) es operada por CAYETANO SANTANA GIL\u00a0(en adelante,\u00a0<b>\u201cCSG\u201d<\/b>), cuyo domicilio se encuentra en la Calle General Mas de Gaminde, 38, bajo, escalera C, 35006, Las Palmas de Gran Canaria. Puede obtener m\u00e1s informaci\u00f3n sobre <b>CSG\u00a0<\/b>a trav\u00e9s de la secci\u00f3n\u00a0<a href=\"https:\/\/csgconsultores.com\/sobre-nosotros\/\"><b>\u201cNosotros\u201d<\/b><\/a>.<\/p>\n<h2>2. Contenido de la Pol\u00edtica de Privacidad<\/h2>\n<h3>2.1 Aceptaci\u00f3n de la Pol\u00edtica de Privacidad<\/h3>\n<p>El acceso y utilizaci\u00f3n del Sitio Web por el usuario (en adelante, el\u00a0<b>\u201cUsuario\u201d<\/b>) supone que \u00e9ste acepta en su totalidad y se obliga a cumplir por completo los t\u00e9rminos y condiciones recogidos en la presente Pol\u00edtica de Privacidad, as\u00ed como en el Aviso Legal de Portal. Haga clic si desea acceder al citado\u00a0<a href=\"https:\/\/csgconsultores.com\/aviso-legal\/\"><b>Aviso Legal<\/b><\/a>.<\/p>\n<h3>2.2 Descripci\u00f3n de los tratamientos de datos que se realizan a trav\u00e9s del Portal<\/h3>\n<p>En cumplimiento de lo dispuesto en la Ley Org\u00e1nica 15\/1999, de 13 de diciembre, de Protecci\u00f3n de Datos de Car\u00e1cter Personal (en adelante,\u00a0<b>\u201cLOPD\u201d<\/b>) y su normativa de desarrollo, ponemos en conocimiento del Usuario que los datos recabados a trav\u00e9s de cualesquiera formularios de recogida de datos del Sitio Web u obtenidos con ocasi\u00f3n de su condici\u00f3n de Usuario Registrado, ser\u00e1n incorporados a un fichero automatizado de datos de car\u00e1cter personal del que es responsable <b>CSG.<\/b><\/p>\n<p><b>CSG<\/b> utilizar\u00e1 sus datos de car\u00e1cter personal de acuerdo con las finalidades que se recojan en las correspondientes condiciones particulares que el Usuario ha de aceptar con motivo de su inscripci\u00f3n en los distintos servicios, funcionalidades y actividades que <b>CSG<\/b> proporciona a trav\u00e9s del Sitio Web.<\/p>\n<p>Por consiguiente, con car\u00e1cter general los datos aportados u obtenidos por medio del Portal, ser\u00e1n utilizados para el cumplimiento, mantenimiento, desarrollo, control y mejora de las relaciones que mantenga con <b>CSG<\/b>\u00a0y, en particular, aunque sin \u00e1nimo exhaustivo, con la finalidad de registrarle en el servicio por usted solicitado (por ejemplo: altas como Usuario Registrado, cliente, colaborador, seguidor, etc.), atender sus consultas o solicitudes de informaci\u00f3n formuladas.<\/p>\n<p>Adicionalmente, ponemos en su conocimiento que, en ocasiones, a trav\u00e9s de los distintos formularios de recogida de datos incluidos en el Sitio Web, <b>CSG<\/b> recabar\u00e1 su consentimiento para el tratamiento de sus datos con la finalidad de remitirle informaci\u00f3n sobre las actividades e iniciativas de <b>CSG<\/b>, a trav\u00e9s de cualquier medio, incluidos los electr\u00f3nicos (SMS, correo electr\u00f3nico, etc.). En este sentido, podr\u00e1 oponerse a que sus datos sean tratados con esta finalidad, mediante la marcaci\u00f3n de la casilla que a tal efecto se incluye en los correspondientes formularios de recogida de datos, as\u00ed como en cualquier otro momento, mediante el env\u00edo de un correo electr\u00f3nico a la siguiente direcci\u00f3n\u00a0<a href=\"mailto:info@csgconsultores.com\"><b>info@csgconsultores.com<\/b><\/a>\u00a0\u00a0o usando los medios espec\u00edficos que se reconozcan en las propias comunicaciones.<\/p>\n<h3>2.3 Cookies<\/h3>\n<p>Ponemos en conocimiento del Usuario que el Portal utiliza dispositivos cookie al objeto de personalizar la disposici\u00f3n de los contenidos que se ofrecen a trav\u00e9s del Sitio Web a las rutinas de navegaci\u00f3n y preferencias del Usuario.<\/p>\n<p>Las cookies son procedimientos autom\u00e1ticos de recogida de informaci\u00f3n relativa a las preferencias determinadas por un usuario durante su visita a una determinada p\u00e1gina web con el fin de reconocerlo como usuario recurrente y personalizar su experiencia y el uso por su parte de nuestro Portal. Las cookies se guardar\u00e1n en el disco duro de su ordenador hasta que usted las elimine.<\/p>\n<p>Le informamos que puede f\u00e1cilmente rechazar y eliminar las cookies instaladas en su ordenador mediante la configuraci\u00f3n de su programa de navegaci\u00f3n. En este sentido, los procedimientos para el bloqueo y eliminaci\u00f3n de las cookies pueden diferir de un navegador de Internet a otro y, en consecuencia, le rogamos acuda a las instrucciones facilitadas por el fabricante de su navegador de Internet. En el supuesto de que rechace el uso de cookies podr\u00e1 seguir usando nuestro Portal, si bien podr\u00e1 tener limitado la utilizaci\u00f3n de algunas de las prestaciones del Sitio Web.<\/p>\n<h3>2.4 Seguridad<\/h3>\n<p><b>CSG<\/b> tiene implantadas las medidas de \u00edndole t\u00e9cnica y organizativas necesarias que garanticen la seguridad de sus datos y eviten su alteraci\u00f3n, p\u00e9rdida, tratamiento o acceso no autorizado, habida cuenta del estado de la tecnolog\u00eda, la naturaleza de los datos almacenados y los riesgos a que est\u00e1n expuestos, todo ello en cumplimiento de los dispuesto en el T\u00edtulo VIII del Real Decreto 1720\/2007, de 21 de diciembre, por el que se aprueba el Reglamento de desarrollo de la LOPD.<\/p>\n<h3>2.5 Ejercicio de los derechos de acceso, rectificaci\u00f3n, cancelaci\u00f3n y oposici\u00f3n<\/h3>\n<p>Ponemos en conocimiento del Usuario que podr\u00e1 ejercer, en cualquier momento, sus derechos de acceso, rectificaci\u00f3n, cancelaci\u00f3n y oposici\u00f3n al tratamiento de sus datos mediante la remisi\u00f3n de una comunicaci\u00f3n escrita, incluyendo copia de su Documento Nacional de Identidad, a la direcci\u00f3n que se indica en el apartado primero de la presente Pol\u00edtica de Privacidad.<\/p>\n<p>Asimismo, informamos al Usuario que puede revocar el consentimiento prestado para el tratamiento de sus datos, siempre que legalmente proceda, mediante el env\u00edo de una comunicaci\u00f3n a <b>CSG<\/b> en los t\u00e9rminos antes indicados.<\/p>\n<p>Contenido actualizado el 05\/01\/ 2017<\/p>\n<p>[\/et_pb_text][\/et_pb_column][\/et_pb_row][\/et_pb_section]<\/p>\n","protected":false},"excerpt":{"rendered":"<p>La Pol\u00edtica de Privacidad de\u00a0www.csgconsultores.com\u00a0tiene como objeto: informar al usuario del Sitio Web sobre el funcionamiento del mismo en lo relativo a los distintos tratamientos de datos que se llevan a cabo a trav\u00e9s del Portal; y poner en conocimiento del usuario la utilizaci\u00f3n de cookies con motivo de su navegaci\u00f3n a trav\u00e9s del Sitio [&hellip;]<\/p>\n","protected":false},"author":1,"featured_media":0,"parent":0,"menu_order":0,"comment_status":"closed","ping_status":"closed","template":"","meta":{"_et_pb_use_builder":"on","_et_pb_old_content":"","_et_gb_content_width":"","footnotes":""},"class_list":["post-43","page","type-page","status-publish","hentry"],"yoast_head":"<!-- This site is optimized with the Yoast SEO plugin v27.4 - https:\/\/yoast.com\/product\/yoast-seo-wordpress\/ -->\n<title>Privacidad - csgconsultores<\/title>\n<meta name=\"robots\" content=\"index, follow, max-snippet:-1, max-image-preview:large, max-video-preview:-1\" \/>\n<link rel=\"canonical\" href=\"https:\/\/csgconsultores.com\/en\/privacidad\/\" \/>\n<meta property=\"og:locale\" content=\"en_US\" \/>\n<meta property=\"og:type\" content=\"article\" \/>\n<meta property=\"og:title\" content=\"Privacidad - csgconsultores\" \/>\n<meta property=\"og:description\" content=\"La Pol\u00edtica de Privacidad de\u00a0www.csgconsultores.com\u00a0tiene como objeto: informar al usuario del Sitio Web sobre el funcionamiento del mismo en lo relativo a los distintos tratamientos de datos que se llevan a cabo a trav\u00e9s del Portal; y poner en conocimiento del usuario la utilizaci\u00f3n de cookies con motivo de su navegaci\u00f3n a trav\u00e9s del Sitio [&hellip;]\" \/>\n<meta property=\"og:url\" content=\"https:\/\/csgconsultores.com\/en\/privacidad\/\" \/>\n<meta property=\"og:site_name\" content=\"csgconsultores\" \/>\n<meta property=\"article:modified_time\" content=\"2024-05-24T07:03:03+00:00\" \/>\n<meta name=\"twitter:card\" content=\"summary_large_image\" \/>\n<meta name=\"twitter:label1\" content=\"Est. reading time\" \/>\n\t<meta name=\"twitter:data1\" content=\"6 minutes\" \/>\n<script type=\"application\/ld+json\" class=\"yoast-schema-graph\">{\"@context\":\"https:\\\/\\\/schema.org\",\"@graph\":[{\"@type\":\"WebPage\",\"@id\":\"https:\\\/\\\/csgconsultores.com\\\/privacidad\\\/\",\"url\":\"https:\\\/\\\/csgconsultores.com\\\/privacidad\\\/\",\"name\":\"Privacidad - csgconsultores\",\"isPartOf\":{\"@id\":\"https:\\\/\\\/csgconsultores.com\\\/#website\"},\"datePublished\":\"2024-05-16T12:45:35+00:00\",\"dateModified\":\"2024-05-24T07:03:03+00:00\",\"breadcrumb\":{\"@id\":\"https:\\\/\\\/csgconsultores.com\\\/privacidad\\\/#breadcrumb\"},\"inLanguage\":\"en-US\",\"potentialAction\":[{\"@type\":\"ReadAction\",\"target\":[\"https:\\\/\\\/csgconsultores.com\\\/privacidad\\\/\"]}]},{\"@type\":\"BreadcrumbList\",\"@id\":\"https:\\\/\\\/csgconsultores.com\\\/privacidad\\\/#breadcrumb\",\"itemListElement\":[{\"@type\":\"ListItem\",\"position\":1,\"name\":\"Portada\",\"item\":\"https:\\\/\\\/csgconsultores.com\\\/\"},{\"@type\":\"ListItem\",\"position\":2,\"name\":\"Privacidad\"}]},{\"@type\":\"WebSite\",\"@id\":\"https:\\\/\\\/csgconsultores.com\\\/#website\",\"url\":\"https:\\\/\\\/csgconsultores.com\\\/\",\"name\":\"csgconsultores\",\"description\":\"\",\"potentialAction\":[{\"@type\":\"SearchAction\",\"target\":{\"@type\":\"EntryPoint\",\"urlTemplate\":\"https:\\\/\\\/csgconsultores.com\\\/?s={search_term_string}\"},\"query-input\":{\"@type\":\"PropertyValueSpecification\",\"valueRequired\":true,\"valueName\":\"search_term_string\"}}],\"inLanguage\":\"en-US\"}]}<\/script>\n<!-- \/ Yoast SEO plugin. -->","yoast_head_json":{"title":"Privacidad - csgconsultores","robots":{"index":"index","follow":"follow","max-snippet":"max-snippet:-1","max-image-preview":"max-image-preview:large","max-video-preview":"max-video-preview:-1"},"canonical":"https:\/\/csgconsultores.com\/en\/privacidad\/","og_locale":"en_US","og_type":"article","og_title":"Privacidad - csgconsultores","og_description":"La Pol\u00edtica de Privacidad de\u00a0www.csgconsultores.com\u00a0tiene como objeto: informar al usuario del Sitio Web sobre el funcionamiento del mismo en lo relativo a los distintos tratamientos de datos que se llevan a cabo a trav\u00e9s del Portal; y poner en conocimiento del usuario la utilizaci\u00f3n de cookies con motivo de su navegaci\u00f3n a trav\u00e9s del Sitio [&hellip;]","og_url":"https:\/\/csgconsultores.com\/en\/privacidad\/","og_site_name":"csgconsultores","article_modified_time":"2024-05-24T07:03:03+00:00","twitter_card":"summary_large_image","twitter_misc":{"Est. reading time":"6 minutes"},"schema":{"@context":"https:\/\/schema.org","@graph":[{"@type":"WebPage","@id":"https:\/\/csgconsultores.com\/privacidad\/","url":"https:\/\/csgconsultores.com\/privacidad\/","name":"Privacidad - csgconsultores","isPartOf":{"@id":"https:\/\/csgconsultores.com\/#website"},"datePublished":"2024-05-16T12:45:35+00:00","dateModified":"2024-05-24T07:03:03+00:00","breadcrumb":{"@id":"https:\/\/csgconsultores.com\/privacidad\/#breadcrumb"},"inLanguage":"en-US","potentialAction":[{"@type":"ReadAction","target":["https:\/\/csgconsultores.com\/privacidad\/"]}]},{"@type":"BreadcrumbList","@id":"https:\/\/csgconsultores.com\/privacidad\/#breadcrumb","itemListElement":[{"@type":"ListItem","position":1,"name":"Portada","item":"https:\/\/csgconsultores.com\/"},{"@type":"ListItem","position":2,"name":"Privacidad"}]},{"@type":"WebSite","@id":"https:\/\/csgconsultores.com\/#website","url":"https:\/\/csgconsultores.com\/","name":"csgconsultores","description":"","potentialAction":[{"@type":"SearchAction","target":{"@type":"EntryPoint","urlTemplate":"https:\/\/csgconsultores.com\/?s={search_term_string}"},"query-input":{"@type":"PropertyValueSpecification","valueRequired":true,"valueName":"search_term_string"}}],"inLanguage":"en-US"}]}},"_links":{"self":[{"href":"https:\/\/csgconsultores.com\/en\/wp-json\/wp\/v2\/pages\/43","targetHints":{"allow":["GET"]}}],"collection":[{"href":"https:\/\/csgconsultores.com\/en\/wp-json\/wp\/v2\/pages"}],"about":[{"href":"https:\/\/csgconsultores.com\/en\/wp-json\/wp\/v2\/types\/page"}],"author":[{"embeddable":true,"href":"https:\/\/csgconsultores.com\/en\/wp-json\/wp\/v2\/users\/1"}],"replies":[{"embeddable":true,"href":"https:\/\/csgconsultores.com\/en\/wp-json\/wp\/v2\/comments?post=43"}],"version-history":[{"count":8,"href":"https:\/\/csgconsultores.com\/en\/wp-json\/wp\/v2\/pages\/43\/revisions"}],"predecessor-version":[{"id":345160,"href":"https:\/\/csgconsultores.com\/en\/wp-json\/wp\/v2\/pages\/43\/revisions\/345160"}],"wp:attachment":[{"href":"https:\/\/csgconsultores.com\/en\/wp-json\/wp\/v2\/media?parent=43"}],"curies":[{"name":"wp","href":"https:\/\/api.w.org\/{rel}","templated":true}]}}