{"id":346798,"date":"2025-09-03T13:34:00","date_gmt":"2025-09-03T11:34:00","guid":{"rendered":"https:\/\/csgconsultores.com\/?page_id=346798"},"modified":"2025-09-03T21:47:41","modified_gmt":"2025-09-03T19:47:41","slug":"planes-de-igualdad","status":"publish","type":"page","link":"https:\/\/csgconsultores.com\/en\/planes-de-igualdad\/","title":{"rendered":"Planes de Igualdad"},"content":{"rendered":"<p>[et_pb_section fb_built=\u00bb1&#8243; _builder_version=\u00bb4.16&#8243; global_colors_info=\u00bb{}\u00bb][et_pb_row _builder_version=\u00bb4.16&#8243; background_size=\u00bbinitial\u00bb background_position=\u00bbtop_left\u00bb background_repeat=\u00bbrepeat\u00bb global_colors_info=\u00bb{}\u00bb][et_pb_column type=\u00bb4_4&#8243; _builder_version=\u00bb4.16&#8243; custom_padding=\u00bb|||\u00bb global_colors_info=\u00bb{}\u00bb custom_padding__hover=\u00bb|||\u00bb][et_pb_text _builder_version=\u00bb4.16&#8243; background_size=\u00bbinitial\u00bb background_position=\u00bbtop_left\u00bb background_repeat=\u00bbrepeat\u00bb custom_padding=\u00bb||0px|||\u00bb global_colors_info=\u00bb{}\u00bb][\/et_pb_text][\/et_pb_column][\/et_pb_row][\/et_pb_section][et_pb_section fb_built=\u00bb1&#8243; _builder_version=\u00bb4.26.0&#8243; _module_preset=\u00bbdefault\u00bb global_colors_info=\u00bb{}\u00bb][et_pb_row column_structure=\u00bb1_2,1_2&#8243; _builder_version=\u00bb4.26.0&#8243; _module_preset=\u00bbdefault\u00bb global_colors_info=\u00bb{}\u00bb][et_pb_column type=\u00bb1_2&#8243; _builder_version=\u00bb4.26.0&#8243; _module_preset=\u00bbdefault\u00bb global_colors_info=\u00bb{}\u00bb][et_pb_text module_class=\u00bbtexto\u00bb _builder_version=\u00bb4.27.4&#8243; _module_preset=\u00bbdefault\u00bb custom_margin=\u00bb||-7px|||\u00bb custom_padding=\u00bb||1px|||\u00bb global_colors_info=\u00bb{}\u00bb]<\/p>\n<h1 class=\"title\"><span style=\"font-weight: 400;\">Cumple con la Ley de Igualdad y Convierte tu Empresa en un Referente<\/span><\/h1>\n<p>[\/et_pb_text][et_pb_text _builder_version=\u00bb4.27.4&#8243; _module_preset=\u00bbdefault\u00bb text_font=\u00bb|600|||||||\u00bb text_font_size=\u00bb24px\u00bb text_line_height=\u00bb120%\u00bb global_colors_info=\u00bb{}\u00bb]<\/p>\n<p><span style=\"font-weight: 400;\">Asesoramiento integral, desde el diagn\u00f3stico hasta la implantaci\u00f3n y registro. Convi\u00e9rtete en un agente de cambio.<\/span><\/p>\n<p>[\/et_pb_text][et_pb_button button_text=\u00bbCont\u00e1ctanos\u00bb module_class=\u00bbmain-bttn\u00bb _builder_version=\u00bb4.26.0&#8243; _module_preset=\u00bbdefault\u00bb custom_margin=\u00bb||-2px|||\u00bb global_colors_info=\u00bb{}\u00bb][\/et_pb_button][\/et_pb_column][et_pb_column type=\u00bb1_2&#8243; _builder_version=\u00bb4.26.0&#8243; _module_preset=\u00bbdefault\u00bb global_colors_info=\u00bb{}\u00bb][et_pb_image src=\u00bbhttps:\/\/csgconsultores.com\/wp-content\/uploads\/2025\/09\/imagen-1-plan-igualdad.webp\u00bb title_text=\u00bbimagen 1 plan igualdad\u00bb _builder_version=\u00bb4.27.4&#8243; _module_preset=\u00bbdefault\u00bb global_colors_info=\u00bb{}\u00bb][\/et_pb_image][\/et_pb_column][\/et_pb_row][\/et_pb_section][et_pb_section fb_built=\u00bb1&#8243; _builder_version=\u00bb4.26.0&#8243; _module_preset=\u00bbdefault\u00bb global_colors_info=\u00bb{}\u00bb][\/et_pb_section]<\/p>\n","protected":false},"excerpt":{"rendered":"<p>Cumple con la Ley de Igualdad y Convierte tu Empresa en un ReferenteAsesoramiento integral, desde el diagn\u00f3stico hasta la implantaci\u00f3n y registro. Convi\u00e9rtete en un agente de cambio.<\/p>","protected":false},"author":2,"featured_media":0,"parent":0,"menu_order":0,"comment_status":"closed","ping_status":"closed","template":"","meta":{"_et_pb_use_builder":"on","_et_pb_old_content":"","_et_gb_content_width":"","footnotes":""},"class_list":["post-346798","page","type-page","status-publish","hentry"],"yoast_head":"<!-- This site is optimized with the Yoast SEO plugin v27.5 - https:\/\/yoast.com\/product\/yoast-seo-wordpress\/ -->\n<title>Planes de Igualdad - csgconsultores<\/title>\n<meta name=\"robots\" content=\"index, follow, max-snippet:-1, max-image-preview:large, max-video-preview:-1\" \/>\n<link rel=\"canonical\" href=\"https:\/\/csgconsultores.com\/en\/planes-de-igualdad\/\" \/>\n<meta property=\"og:locale\" content=\"en_US\" \/>\n<meta property=\"og:type\" content=\"article\" \/>\n<meta property=\"og:title\" content=\"Planes de Igualdad - csgconsultores\" \/>\n<meta property=\"og:description\" content=\"Cumple con la Ley de Igualdad y Convierte tu Empresa en un ReferenteAsesoramiento integral, desde el diagn\u00f3stico hasta la implantaci\u00f3n y registro. Convi\u00e9rtete en un agente de cambio.\" \/>\n<meta property=\"og:url\" content=\"https:\/\/csgconsultores.com\/en\/planes-de-igualdad\/\" \/>\n<meta property=\"og:site_name\" content=\"csgconsultores\" \/>\n<meta property=\"article:modified_time\" content=\"2025-09-03T19:47:41+00:00\" \/>\n<meta name=\"twitter:card\" content=\"summary_large_image\" \/>\n<meta name=\"twitter:label1\" content=\"Est. reading time\" \/>\n\t<meta name=\"twitter:data1\" content=\"1 minute\" \/>\n<script type=\"application\/ld+json\" class=\"yoast-schema-graph\">{\"@context\":\"https:\\\/\\\/schema.org\",\"@graph\":[{\"@type\":\"WebPage\",\"@id\":\"https:\\\/\\\/csgconsultores.com\\\/planes-de-igualdad\\\/\",\"url\":\"https:\\\/\\\/csgconsultores.com\\\/planes-de-igualdad\\\/\",\"name\":\"Planes de Igualdad - csgconsultores\",\"isPartOf\":{\"@id\":\"https:\\\/\\\/csgconsultores.com\\\/#website\"},\"datePublished\":\"2025-09-03T11:34:00+00:00\",\"dateModified\":\"2025-09-03T19:47:41+00:00\",\"breadcrumb\":{\"@id\":\"https:\\\/\\\/csgconsultores.com\\\/planes-de-igualdad\\\/#breadcrumb\"},\"inLanguage\":\"en-US\",\"potentialAction\":[{\"@type\":\"ReadAction\",\"target\":[\"https:\\\/\\\/csgconsultores.com\\\/planes-de-igualdad\\\/\"]}]},{\"@type\":\"BreadcrumbList\",\"@id\":\"https:\\\/\\\/csgconsultores.com\\\/planes-de-igualdad\\\/#breadcrumb\",\"itemListElement\":[{\"@type\":\"ListItem\",\"position\":1,\"name\":\"Portada\",\"item\":\"https:\\\/\\\/csgconsultores.com\\\/\"},{\"@type\":\"ListItem\",\"position\":2,\"name\":\"Planes de Igualdad\"}]},{\"@type\":\"WebSite\",\"@id\":\"https:\\\/\\\/csgconsultores.com\\\/#website\",\"url\":\"https:\\\/\\\/csgconsultores.com\\\/\",\"name\":\"csgconsultores\",\"description\":\"\",\"potentialAction\":[{\"@type\":\"SearchAction\",\"target\":{\"@type\":\"EntryPoint\",\"urlTemplate\":\"https:\\\/\\\/csgconsultores.com\\\/?s={search_term_string}\"},\"query-input\":{\"@type\":\"PropertyValueSpecification\",\"valueRequired\":true,\"valueName\":\"search_term_string\"}}],\"inLanguage\":\"en-US\"}]}<\/script>\n<!-- \/ Yoast SEO plugin. -->","yoast_head_json":{"title":"Planes de Igualdad - csgconsultores","robots":{"index":"index","follow":"follow","max-snippet":"max-snippet:-1","max-image-preview":"max-image-preview:large","max-video-preview":"max-video-preview:-1"},"canonical":"https:\/\/csgconsultores.com\/en\/planes-de-igualdad\/","og_locale":"en_US","og_type":"article","og_title":"Planes de Igualdad - csgconsultores","og_description":"Cumple con la Ley de Igualdad y Convierte tu Empresa en un ReferenteAsesoramiento integral, desde el diagn\u00f3stico hasta la implantaci\u00f3n y registro. Convi\u00e9rtete en un agente de cambio.","og_url":"https:\/\/csgconsultores.com\/en\/planes-de-igualdad\/","og_site_name":"csgconsultores","article_modified_time":"2025-09-03T19:47:41+00:00","twitter_card":"summary_large_image","twitter_misc":{"Est. reading time":"1 minute"},"schema":{"@context":"https:\/\/schema.org","@graph":[{"@type":"WebPage","@id":"https:\/\/csgconsultores.com\/planes-de-igualdad\/","url":"https:\/\/csgconsultores.com\/planes-de-igualdad\/","name":"Planes de Igualdad - csgconsultores","isPartOf":{"@id":"https:\/\/csgconsultores.com\/#website"},"datePublished":"2025-09-03T11:34:00+00:00","dateModified":"2025-09-03T19:47:41+00:00","breadcrumb":{"@id":"https:\/\/csgconsultores.com\/planes-de-igualdad\/#breadcrumb"},"inLanguage":"en-US","potentialAction":[{"@type":"ReadAction","target":["https:\/\/csgconsultores.com\/planes-de-igualdad\/"]}]},{"@type":"BreadcrumbList","@id":"https:\/\/csgconsultores.com\/planes-de-igualdad\/#breadcrumb","itemListElement":[{"@type":"ListItem","position":1,"name":"Portada","item":"https:\/\/csgconsultores.com\/"},{"@type":"ListItem","position":2,"name":"Planes de Igualdad"}]},{"@type":"WebSite","@id":"https:\/\/csgconsultores.com\/#website","url":"https:\/\/csgconsultores.com\/","name":"csgconsultores","description":"","potentialAction":[{"@type":"SearchAction","target":{"@type":"EntryPoint","urlTemplate":"https:\/\/csgconsultores.com\/?s={search_term_string}"},"query-input":{"@type":"PropertyValueSpecification","valueRequired":true,"valueName":"search_term_string"}}],"inLanguage":"en-US"}]}},"_links":{"self":[{"href":"https:\/\/csgconsultores.com\/en\/wp-json\/wp\/v2\/pages\/346798","targetHints":{"allow":["GET"]}}],"collection":[{"href":"https:\/\/csgconsultores.com\/en\/wp-json\/wp\/v2\/pages"}],"about":[{"href":"https:\/\/csgconsultores.com\/en\/wp-json\/wp\/v2\/types\/page"}],"author":[{"embeddable":true,"href":"https:\/\/csgconsultores.com\/en\/wp-json\/wp\/v2\/users\/2"}],"replies":[{"embeddable":true,"href":"https:\/\/csgconsultores.com\/en\/wp-json\/wp\/v2\/comments?post=346798"}],"version-history":[{"count":3,"href":"https:\/\/csgconsultores.com\/en\/wp-json\/wp\/v2\/pages\/346798\/revisions"}],"predecessor-version":[{"id":346803,"href":"https:\/\/csgconsultores.com\/en\/wp-json\/wp\/v2\/pages\/346798\/revisions\/346803"}],"wp:attachment":[{"href":"https:\/\/csgconsultores.com\/en\/wp-json\/wp\/v2\/media?parent=346798"}],"curies":[{"name":"wp","href":"https:\/\/api.w.org\/{rel}","templated":true}]}}