{"id":345069,"date":"2024-05-23T14:34:12","date_gmt":"2024-05-23T12:34:12","guid":{"rendered":"https:\/\/csgconsultores.com.136-144-253-96.136-144-253-96.visualpublinet.com\/?page_id=345069"},"modified":"2024-05-24T11:32:44","modified_gmt":"2024-05-24T09:32:44","slug":"formulario-de-newsletter","status":"publish","type":"page","link":"https:\/\/csgconsultores.com\/en\/formulario-de-newsletter\/","title":{"rendered":"Formulario de newsletter"},"content":{"rendered":"<p>[et_pb_section fb_built=\u00bb1&#8243; custom_padding_last_edited=\u00bbon|tablet\u00bb admin_label=\u00bbCABECERA\u00bb _builder_version=\u00bb4.25.1&#8243; _module_preset=\u00bbdefault\u00bb background_enable_image=\u00bboff\u00bb background_blend=\u00bboverlay\u00bb custom_margin=\u00bb0px||||false|false\u00bb custom_margin_tablet=\u00bb0px||||false|false\u00bb custom_margin_phone=\u00bb0px||||false|false\u00bb custom_margin_last_edited=\u00bbon|desktop\u00bb custom_padding_tablet=\u00bb0px||||false|false\u00bb custom_padding_phone=\u00bb0px||||false|false\u00bb locked=\u00bboff\u00bb global_colors_info=\u00bb{}\u00bb][et_pb_row make_equal=\u00bbon\u00bb custom_padding_last_edited=\u00bbon|tablet\u00bb module_class=\u00bbrowCabecera\u00bb _builder_version=\u00bb4.25.1&#8243; _module_preset=\u00bbdefault\u00bb use_background_color_gradient=\u00bbon\u00bb background_color_gradient_stops=\u00bbrgba(255,255,255,0.2) 0%|#ffffff 100%\u00bb background_image=\u00bbhttps:\/\/csgconsultores.com\/wp-content\/uploads\/2024\/05\/newletter.jpg\u00bb background_blend=\u00bboverlay\u00bb width=\u00bb100%\u00bb max_width=\u00bb85%\u00bb max_width_tablet=\u00bb90%\u00bb max_width_phone=\u00bb90%\u00bb max_width_last_edited=\u00bbon|desktop\u00bb module_alignment=\u00bbcenter\u00bb min_height=\u00bb550px\u00bb min_height_tablet=\u00bb500px\u00bb min_height_phone=\u00bb500px\u00bb min_height_last_edited=\u00bbon|phone\u00bb height=\u00bb550px\u00bb height_tablet=\u00bb500px\u00bb height_phone=\u00bb500px\u00bb height_last_edited=\u00bbon|phone\u00bb max_height=\u00bb550px\u00bb max_height_tablet=\u00bb500px\u00bb max_height_phone=\u00bb500px\u00bb max_height_last_edited=\u00bbon|phone\u00bb custom_margin=\u00bb52px||||false|false\u00bb custom_margin_tablet=\u00bb0px||||false|false\u00bb custom_margin_phone=\u00bb0px||||false|false\u00bb custom_margin_last_edited=\u00bbon|phone\u00bb custom_padding_tablet=\u00bb0px||||false|false\u00bb custom_padding_phone=\u00bb0px||||false|false\u00bb background_last_edited=\u00bbon|phone\u00bb background_image_phone=\u00bbhttps:\/\/csgconsultores.com\/wp-content\/uploads\/2024\/05\/tic.jpg\u00bb background_enable_image_phone=\u00bbon\u00bb background_position_phone=\u00bbbottom_center\u00bb global_colors_info=\u00bb{}\u00bb][et_pb_column type=\u00bb4_4&#8243; _builder_version=\u00bb4.25.1&#8243; _module_preset=\u00bbdefault\u00bb global_colors_info=\u00bb{}\u00bb][et_pb_text admin_label=\u00bbH1&#8243; _builder_version=\u00bb4.25.1&#8243; _dynamic_attributes=\u00bbcontent\u00bb _module_preset=\u00bbdefault\u00bb header_text_align=\u00bbcenter\u00bb custom_padding=\u00bb|2px||2px|false|false\u00bb global_colors_info=\u00bb{}\u00bb]@ET-DC@eyJkeW5hbWljIjp0cnVlLCJjb250ZW50IjoicG9zdF90aXRsZSIsInNldHRpbmdzIjp7ImJlZm9yZSI6IjxoMSBjbGFzcz1cInRpdHVsb1BhZ1wiPiIsImFmdGVyIjoiPC9oMT4ifX0=@[\/et_pb_text][\/et_pb_column][\/et_pb_row][\/et_pb_section][et_pb_section fb_built=\u00bb1&#8243; custom_padding_last_edited=\u00bbon|tablet\u00bb admin_label=\u00bbSecci\u00f3n-sobre-nos\u00bb _builder_version=\u00bb4.25.1&#8243; _module_preset=\u00bbdefault\u00bb custom_padding=\u00bb0px||||false|false\u00bb custom_padding_tablet=\u00bb0px||0px||false|false\u00bb custom_padding_phone=\u00bb0px||||false|false\u00bb locked=\u00bboff\u00bb global_colors_info=\u00bb{}\u00bb][et_pb_row _builder_version=\u00bb4.25.1&#8243; _module_preset=\u00bbdefault\u00bb width=\u00bb100%\u00bb max_width=\u00bb80%\u00bb max_width_tablet=\u00bb70%\u00bb max_width_phone=\u00bb90%\u00bb max_width_last_edited=\u00bbon|phone\u00bb custom_padding=\u00bb0px||||false|false\u00bb animation_style=\u00bbfade\u00bb global_colors_info=\u00bb{}\u00bb][et_pb_column type=\u00bb4_4&#8243; _builder_version=\u00bb4.25.1&#8243; _module_preset=\u00bbdefault\u00bb global_colors_info=\u00bb{}\u00bb][et_pb_text admin_label=\u00bbH2&#8243; module_class=\u00bbtexto\u00bb _builder_version=\u00bb4.25.1&#8243; _module_preset=\u00bbdefault\u00bb header_text_align=\u00bbcenter\u00bb header_2_text_align=\u00bbcenter\u00bb header_3_text_align=\u00bbcenter\u00bb custom_margin=\u00bb||0px||false|false\u00bb custom_padding=\u00bb||10px||false|false\u00bb locked=\u00bboff\u00bb global_colors_info=\u00bb{}\u00bb]<\/p>\n<h2 class=\"titleSN\">\u00danase a Nuestra Newsletter<\/h2>\n<p>[\/et_pb_text][\/et_pb_column][\/et_pb_row][et_pb_row column_structure=\u00bb1_2,1_2&#8243; make_equal=\u00bbon\u00bb module_class=\u00bbrow-flex\u00bb _builder_version=\u00bb4.25.1&#8243; _module_preset=\u00bbdefault\u00bb width=\u00bb100%\u00bb max_width=\u00bb70%\u00bb max_width_tablet=\u00bb80%\u00bb max_width_phone=\u00bb90%\u00bb max_width_last_edited=\u00bbon|phone\u00bb custom_padding=\u00bb0px||||false|false\u00bb locked=\u00bboff\u00bb global_colors_info=\u00bb{}\u00bb][et_pb_column type=\u00bb1_2&#8243; _builder_version=\u00bb4.25.1&#8243; _module_preset=\u00bbdefault\u00bb global_colors_info=\u00bb{}\u00bb][et_pb_text content_tablet=\u00bb<\/p>\n<h3 class=%22posTitle%22>Servicios de CSG, Asesores &#038; Consultores (CSGAC):  su aliado para el \u00e9xito empresarial<br \/>\n<\/h3>\n<p>\u00bb content_phone=\u00bb<\/p>\n<h3 class=%22posTitle%22>Servicios de CSG, Asesores &#038; Consultores (CSGAC):  su aliado para el \u00e9xito empresarial<br \/>\n<\/h3>\n<p>\u00bb content_last_edited=\u00bboff|desktop\u00bb admin_label=\u00bbH3&#8243; module_class=\u00bbtexto\u00bb _builder_version=\u00bb4.25.1&#8243; _module_preset=\u00bbdefault\u00bb custom_margin=\u00bb||0px||false|false\u00bb custom_padding=\u00bb||10px||false|false\u00bb header_3_text_align_tablet=\u00bbcenter\u00bb header_3_text_align_phone=\u00bbcenter\u00bb header_3_text_align_last_edited=\u00bbon|tablet\u00bb locked=\u00bboff\u00bb global_colors_info=\u00bb{}\u00bb]<\/p>\n<h3 class=\"posTitle\">Mant\u00e9ngase informado con las \u00faltimas novedades, consejos y recursos de CSG, Asesores &#038; Consultores (CSGAC). <\/h3>\n<p>[\/et_pb_text][et_pb_text _builder_version=\u00bb4.25.1&#8243; _module_preset=\u00bbdefault\u00bb custom_margin=\u00bb0px||||false|false\u00bb custom_padding=\u00bb0px||||false|false\u00bb custom_padding_tablet=\u00bb||0px||false|false\u00bb custom_padding_phone=\u00bb||0px||false|false\u00bb custom_padding_last_edited=\u00bbon|tablet\u00bb text_orientation_tablet=\u00bbcenter\u00bb text_orientation_phone=\u00bbcenter\u00bb text_orientation_last_edited=\u00bbon|tablet\u00bb locked=\u00bboff\u00bb global_colors_info=\u00bb{}\u00bb]<\/p>\n<p class=\"text\">\u00danase a nuestra newsletter y reciba directamente en su correo electr\u00f3nico informaci\u00f3n valiosa para la gesti\u00f3n y crecimiento de su empresa. <\/p>\n<p>[\/et_pb_text][et_pb_text admin_label=\u00bblista\u00bb _builder_version=\u00bb4.25.1&#8243; _module_preset=\u00bbdefault\u00bb locked=\u00bboff\u00bb global_colors_info=\u00bb{}\u00bb]<\/p>\n<div class=\"lista-requisitos\"><img decoding=\"async\" src=\"\/wp-content\/uploads\/2024\/05\/tic.png\" \/><span class=\"service2\">Noticias y tendencias del sector empresarial<\/span><\/div>\n<div class=\"lista-requisitos\"><img decoding=\"async\" src=\"\/wp-content\/uploads\/2024\/05\/tic.png\" \/><span class=\"service2\">Consejos pr\u00e1cticos para la gesti\u00f3n de su empresa<\/span><\/div>\n<div class=\"lista-requisitos\"><img decoding=\"async\" src=\"\/wp-content\/uploads\/2024\/05\/tic.png\" \/><span class=\"service2\">Informaci\u00f3n sobre nuestros servicios y eventos<\/span><\/div>\n<div class=\"lista-requisitos\"><img decoding=\"async\" src=\"\/wp-content\/uploads\/2024\/05\/tic.png\" \/><span class=\"service2\">Ofertas y promociones exclusivas<\/span><\/div>\n<p>[\/et_pb_text][\/et_pb_column][et_pb_column type=\u00bb1_2&#8243; _builder_version=\u00bb4.25.1&#8243; _module_preset=\u00bbdefault\u00bb background_enable_color=\u00bboff\u00bb custom_padding_tablet=\u00bb||||false|false\u00bb custom_padding_phone=\u00bb20px||||false|false\u00bb custom_padding_last_edited=\u00bbon|tablet\u00bb global_colors_info=\u00bb{}\u00bb][et_pb_text admin_label=\u00bbFORMULARIO\u00bb _builder_version=\u00bb4.25.1&#8243; _module_preset=\u00bbdefault\u00bb global_colors_info=\u00bb{}\u00bb]\n<div class=\"wpcf7 no-js\" id=\"wpcf7-f345074-o1\" lang=\"es-ES\" dir=\"ltr\" data-wpcf7-id=\"345074\">\n<div class=\"screen-reader-response\"><p role=\"status\" aria-live=\"polite\" aria-atomic=\"true\"><\/p> <ul><\/ul><\/div>\n<form action=\"\/en\/wp-json\/wp\/v2\/pages\/345069#wpcf7-f345074-o1\" method=\"post\" class=\"wpcf7-form init\" aria-label=\"Formulario de contacto\" novalidate=\"novalidate\" data-status=\"init\">\n<fieldset class=\"hidden-fields-container\"><input type=\"hidden\" name=\"_wpcf7\" value=\"345074\" \/><input type=\"hidden\" name=\"_wpcf7_version\" value=\"6.1.5\" \/><input type=\"hidden\" name=\"_wpcf7_locale\" value=\"es_ES\" \/><input type=\"hidden\" name=\"_wpcf7_unit_tag\" value=\"wpcf7-f345074-o1\" \/><input type=\"hidden\" name=\"_wpcf7_container_post\" value=\"0\" \/><input type=\"hidden\" name=\"_wpcf7_posted_data_hash\" value=\"\" \/><input type=\"hidden\" name=\"_wpcf7_recaptcha_response\" value=\"\" \/>\n<\/fieldset>\n<div>\n\t<fieldset class=\"col_inputs\">\n\t\t<p><span class=\"wpcf7-form-control-wrap\" data-name=\"your-name\"><input size=\"40\" maxlength=\"400\" class=\"wpcf7-form-control wpcf7-text wpcf7-validates-as-required\" autocomplete=\"name\" aria-required=\"true\" aria-invalid=\"false\" placeholder=\"Nombre completo\" value=\"\" type=\"text\" name=\"your-name\" \/><\/span>\n\t\t<\/p>\n\t<\/fieldset>\n\t<fieldset class=\"col_inputs\">\n\t\t<p><span class=\"wpcf7-form-control-wrap\" data-name=\"your-email\"><input size=\"40\" maxlength=\"400\" class=\"wpcf7-form-control wpcf7-email wpcf7-validates-as-required wpcf7-text wpcf7-validates-as-email\" autocomplete=\"email\" aria-required=\"true\" aria-invalid=\"false\" placeholder=\"Correo electr\u00f3nico\" value=\"\" type=\"email\" name=\"your-email\" \/><\/span>\n\t\t<\/p>\n\t<\/fieldset>\n<\/div>\n<div class=\"row_inputs\">\n\t<p class=\"privacidad\"><strong>Responsable:<\/strong> CAYETANO SANTANA GIL \/ 42803535Y \/ info@csgconsultores.com \/ 928247128. <strong>Finalidad principal:<\/strong> Gestionar el env\u00edo de newsletter. <strong> Derechos:<\/strong> Acceso, rectificaci\u00f3n, supresi\u00f3n y portabilidad de sus datos, de limitaci\u00f3n y oposici\u00f3n a su tratamiento, as\u00ed como a no ser objeto de decisiones basadas \u00fanicamente en el tratamiento automatizado de sus datos, cuando procedan. Puede ejercer sus derechos en los datos de contacto recogidos en la presente clausula.\n\t<\/p>\n\t<fieldset class=\"col_inputs legal\">\n\t\t<p><span class=\"wpcf7-form-control-wrap\" data-name=\"legal\"><span class=\"wpcf7-form-control wpcf7-acceptance\"><span class=\"wpcf7-list-item\"><label><input type=\"checkbox\" name=\"legal\" value=\"1\" aria-invalid=\"false\" \/><span class=\"wpcf7-list-item-label\">He le\u00eddo y acepto la <strong><a target=\"_blank\" href=\"\/politica-de-privacidad\">pol\u00edtica de privacidad<\/a><\/strong><\/span><\/label><\/span><\/span><\/span>\n\t\t<\/p>\n\t<\/fieldset>\n<\/div>\n<div class=\"row_inputs\">\n\t<p><span id=\"wpcf7-69e5f845e04e6-wrapper\" class=\"wpcf7-form-control-wrap honeypot-680-wrap\" style=\"display:none !important; visibility:hidden !important;\"><input type=\"hidden\" name=\"honeypot-680-time-start\" value=\"1776678981\"><input type=\"hidden\" name=\"honeypot-680-time-check\" value=\"4\"><label for=\"wpcf7-69e5f845e04e6-field\" class=\"hp-message\">Por favor, deja este campo vac\u00edo.<\/label><input id=\"wpcf7-69e5f845e04e6-field\"  class=\"wpcf7-form-control wpcf7-text\" type=\"text\" name=\"honeypot-680\" value=\"\" size=\"40\" tabindex=\"-1\" autocomplete=\"new-password\" \/><\/span>\n\t<\/p>\n\t<fieldset class=\"col_inputs\">\n\t\t<p><input class=\"wpcf7-form-control wpcf7-submit has-spinner\" type=\"submit\" value=\"Enviar\" \/>\n\t\t<\/p>\n\t<\/fieldset>\n<\/div><div class=\"wpcf7-response-output\" aria-hidden=\"true\"><\/div>\n<\/form>\n<\/div>\n[\/et_pb_text][\/et_pb_column][\/et_pb_row][\/et_pb_section][et_pb_section fb_built=\u00bb1&#8243; admin_label=\u00bbcta\u00bb _builder_version=\u00bb4.25.1&#8243; _module_preset=\u00bbdefault\u00bb custom_margin_tablet=\u00bb||0px||false|false\u00bb custom_margin_phone=\u00bb0px||||false|false\u00bb custom_margin_last_edited=\u00bbon|tablet\u00bb custom_padding=\u00bb0px||0px||false|false\u00bb locked=\u00bboff\u00bb global_colors_info=\u00bb{}\u00bb][et_pb_row _builder_version=\u00bb4.25.1&#8243; _module_preset=\u00bbdefault\u00bb width=\u00bb100%\u00bb max_width=\u00bb80%\u00bb max_width_tablet=\u00bb70%\u00bb max_width_phone=\u00bb90%\u00bb max_width_last_edited=\u00bbon|phone\u00bb animation_style=\u00bbfade\u00bb locked=\u00bboff\u00bb global_colors_info=\u00bb{}\u00bb][et_pb_column type=\u00bb4_4&#8243; _builder_version=\u00bb4.25.1&#8243; _module_preset=\u00bbdefault\u00bb global_colors_info=\u00bb{}\u00bb][et_pb_divider color=\u00bb#781126&#8243; divider_weight=\u00bb2px\u00bb _builder_version=\u00bb4.25.1&#8243; _module_preset=\u00bbdefault\u00bb max_width=\u00bb80%\u00bb module_alignment=\u00bbcenter\u00bb global_colors_info=\u00bb{}\u00bb][\/et_pb_divider][et_pb_text content_tablet=\u00bb<\/p>\n<h2 class=%22titleSN%22>\u00a1Trabajemos juntos!<\/h2>\n<p>Le invitamos a que <strong>solicite presupuesto sin compromiso<\/strong> o se ponga en contacto con nosotros para resolver cualquier duda:<\/p>\n<p>Llame ahora al <a href=%22tel:+34610516271%22 data-et-target-link=%22_blank%22 rel=%22noopener%22>610 516 271<\/a> o al <a href=%22tel:+34928247128%22 data-et-target-link=%22_blank%22 rel=%22noopener%22>928 247 128<\/a>, o env\u00edenos un correo electr\u00f3nico a <a href=%22mailto:info@csgconsultores.com%22 data-et-target-link=%22_blank%22 rel=%22noopener%22>info@csgconsultores.com<\/a><\/p>\n<p>\u00bb content_phone=\u00bb<\/p>\n<h2 class=%22titleSN%22>\u00a1Trabajemos juntos!<\/h2>\n<p>Le invitamos a que <strong>solicite presupuesto sin compromiso<\/strong> o se ponga en contacto con nosotros para resolver cualquier duda:<\/p>\n<p>Llame ahora al <a href=%22tel:+34610516271%22 data-et-target-link=%22_blank%22 rel=%22noopener%22>610 516 271<\/a> <br \/> o al <a href=%22tel:+34928247128%22 data-et-target-link=%22_blank%22 rel=%22noopener%22>928 247 128<\/a>, o env\u00edenos un correo electr\u00f3nico a <a href=%22mailto:info@csgconsultores.com%22 data-et-target-link=%22_blank%22 rel=%22noopener%22>info@csgconsultores.com<\/a><\/p>\n<p>\u00bb content_last_edited=\u00bbon|desktop\u00bb module_class=\u00bblink\u00bb _builder_version=\u00bb4.25.1&#8243; _module_preset=\u00bbdefault\u00bb header_text_align=\u00bbcenter\u00bb header_2_text_align=\u00bbcenter\u00bb header_3_text_align=\u00bbcenter\u00bb custom_margin=\u00bb||0px||false|false\u00bb custom_padding=\u00bb||10px||false|false\u00bb locked=\u00bboff\u00bb global_colors_info=\u00bb{}\u00bb]<\/p>\n<h2 class=\"titleSN\">Junto a CSGAC, su empresa estar\u00e1 en el camino del \u00e9xito.<\/h2>\n<p>Llame ahora al <a href=\"tel:+34610516271\" target=\"_blank\" rel=\"noopener\">610 516 271<\/a> o al <a href=\"tel:+34928247128\" target=\"_blank\" rel=\"noopener\">928 247 128<\/a>, o env\u00edenos un correo electr\u00f3nico a <a href=\"mailto:info@csgconsultores.com\" target=\"_blank\" rel=\"noopener\">info@csgconsultores.com<\/a><\/p>\n<p>[\/et_pb_text][\/et_pb_column][\/et_pb_row][et_pb_row column_structure=\u00bb1_3,1_3,1_3&#8243; make_equal=\u00bbon\u00bb module_class=\u00bbctaS\u00bb _builder_version=\u00bb4.25.1&#8243; _module_preset=\u00bbdefault\u00bb width=\u00bb100%\u00bb max_width=\u00bb70%\u00bb max_width_tablet=\u00bb60%\u00bb max_width_phone=\u00bb90%\u00bb max_width_last_edited=\u00bbon|phone\u00bb custom_margin=\u00bb0px||||false|false\u00bb custom_padding=\u00bb0px||||false|false\u00bb hover_enabled=\u00bb0&#8243; saved_tabs=\u00bball\u00bb locked=\u00bboff\u00bb global_colors_info=\u00bb{}\u00bb sticky_enabled=\u00bb0&#8243;][et_pb_column type=\u00bb1_3&#8243; _builder_version=\u00bb4.25.1&#8243; _module_preset=\u00bbdefault\u00bb background_color=\u00bb#781126&#8243; custom_padding=\u00bb30px|30px|30px|30px|false|false\u00bb hover_enabled=\u00bb0&#8243; box_shadow_style=\u00bbpreset6&#8243; box_shadow_blur=\u00bb5px\u00bb box_shadow_spread=\u00bb1px\u00bb box_shadow_color=\u00bb#E6E4E4&#8243; global_colors_info=\u00bb{}\u00bb sticky_enabled=\u00bb0&#8243;][et_pb_blurb url=\u00bb@ET-DC@eyJkeW5hbWljIjp0cnVlLCJjb250ZW50IjoicG9zdF9saW5rX3VybF9wYWdlIiwic2V0dGluZ3MiOnsicG9zdF9pZCI6IjI4In19@\u00bb image=\u00bbhttps:\/\/csgconsultores.com\/wp-content\/uploads\/2024\/05\/blog.svg\u00bb image_icon_width=\u00bb20%\u00bb image_icon_width_tablet=\u00bb16%\u00bb image_icon_width_phone=\u00bb25%\u00bb image_icon_width_last_edited=\u00bbon|phone\u00bb _builder_version=\u00bb4.25.1&#8243; _dynamic_attributes=\u00bburl,link_option_url\u00bb _module_preset=\u00bbdefault\u00bb image_icon_custom_margin=\u00bb-5px||||false|false\u00bb link_option_url=\u00bb@ET-DC@eyJkeW5hbWljIjp0cnVlLCJjb250ZW50IjoicG9zdF9saW5rX3VybF9wYWdlIiwic2V0dGluZ3MiOnsicG9zdF9pZCI6IjI4In19@\u00bb global_colors_info=\u00bb{}\u00bb]<\/p>\n<h4 class=\"titleAd\">Consulte nuestro blog<\/h4>\n<p class=\"textAd\">para obtener informaci\u00f3n \u00fatil sobre temas relacionados con la empresa y novedades del sector\n<\/p>\n<p>[\/et_pb_blurb][\/et_pb_column][et_pb_column type=\u00bb1_3&#8243; _builder_version=\u00bb4.25.1&#8243; _module_preset=\u00bbdefault\u00bb background_color=\u00bb#781126&#8243; custom_padding=\u00bb30px|30px|30px|30px|false|false\u00bb box_shadow_style=\u00bbpreset6&#8243; box_shadow_blur=\u00bb5px\u00bb box_shadow_spread=\u00bb1px\u00bb box_shadow_color=\u00bb#E6E4E4&#8243; global_colors_info=\u00bb{}\u00bb][et_pb_blurb url=\u00bb@ET-DC@eyJkeW5hbWljIjp0cnVlLCJjb250ZW50IjoicG9zdF9saW5rX3VybF9wYWdlIiwic2V0dGluZ3MiOnsicG9zdF9pZCI6IjM0NTAyOCJ9fQ==@\u00bb image=\u00bbhttps:\/\/csgconsultores.com\/wp-content\/uploads\/2024\/05\/calculadora.svg\u00bb image_icon_width=\u00bb20%\u00bb image_icon_width_tablet=\u00bb16%\u00bb image_icon_width_phone=\u00bb25%\u00bb image_icon_width_last_edited=\u00bbon|phone\u00bb _builder_version=\u00bb4.25.1&#8243; _dynamic_attributes=\u00bburl,link_option_url\u00bb _module_preset=\u00bbdefault\u00bb image_icon_custom_margin=\u00bb-5px||||false|false\u00bb link_option_url=\u00bb@ET-DC@eyJkeW5hbWljIjp0cnVlLCJjb250ZW50IjoicG9zdF9saW5rX3VybF9wYWdlIiwic2V0dGluZ3MiOnsicG9zdF9pZCI6IjM0NTAyOCJ9fQ==@\u00bb global_colors_info=\u00bb{}\u00bb]<\/p>\n<h4 class=\"titleAd\">Solicite presupuesto<\/h4>\n<p class=\"textAd\">sin compromiso<\/p>\n<p>[\/et_pb_blurb][\/et_pb_column][et_pb_column type=\u00bb1_3&#8243; _builder_version=\u00bb4.25.1&#8243; _module_preset=\u00bbdefault\u00bb background_color=\u00bb#781126&#8243; custom_padding=\u00bb30px|30px|30px|30px|false|false\u00bb box_shadow_style=\u00bbpreset6&#8243; box_shadow_blur=\u00bb5px\u00bb box_shadow_spread=\u00bb1px\u00bb box_shadow_color=\u00bb#E6E4E4&#8243; global_colors_info=\u00bb{}\u00bb][et_pb_blurb url=\u00bb@ET-DC@eyJkeW5hbWljIjp0cnVlLCJjb250ZW50IjoicG9zdF9saW5rX3VybF9wYWdlIiwic2V0dGluZ3MiOnsicG9zdF9pZCI6IjM0NDk5NiJ9fQ==@\u00bb image=\u00bbhttps:\/\/csgconsultores.com\/wp-content\/uploads\/2024\/05\/formularios-de-google1.svg\u00bb image_icon_width=\u00bb20%\u00bb image_icon_width_tablet=\u00bb16%\u00bb image_icon_width_phone=\u00bb25%\u00bb image_icon_width_last_edited=\u00bbon|phone\u00bb _builder_version=\u00bb4.25.1&#8243; _dynamic_attributes=\u00bburl,link_option_url\u00bb _module_preset=\u00bbdefault\u00bb image_icon_custom_margin=\u00bb-5px||||false|false\u00bb link_option_url=\u00bb@ET-DC@eyJkeW5hbWljIjp0cnVlLCJjb250ZW50IjoicG9zdF9saW5rX3VybF9wYWdlIiwic2V0dGluZ3MiOnsicG9zdF9pZCI6IjM0NDk5NiJ9fQ==@\u00bb locked=\u00bboff\u00bb global_colors_info=\u00bb{}\u00bb]<\/p>\n<h4 class=\"titleAd\">FORMULARIO DE CONTACTO<\/h4>\n<p class=\"textAd\">Estamos siempre dispuestos a ayudarle<\/p>\n<p>[\/et_pb_blurb][\/et_pb_column][\/et_pb_row][\/et_pb_section]<\/p>\n","protected":false},"excerpt":{"rendered":"<p>\u00danase a Nuestra NewsletterMant\u00e9ngase informado con las \u00faltimas novedades, consejos y recursos de CSG, Asesores &#038; Consultores (CSGAC). \u00danase a nuestra newsletter y reciba directamente en su correo electr\u00f3nico informaci\u00f3n valiosa para la gesti\u00f3n y crecimiento de su empresa. Noticias y tendencias del sector empresarial Consejos pr\u00e1cticos para la gesti\u00f3n de su empresa Informaci\u00f3n sobre [&hellip;]<\/p>\n","protected":false},"author":1,"featured_media":0,"parent":0,"menu_order":0,"comment_status":"closed","ping_status":"closed","template":"","meta":{"_et_pb_use_builder":"on","_et_pb_old_content":"","_et_gb_content_width":"","footnotes":""},"class_list":["post-345069","page","type-page","status-publish","hentry"],"yoast_head":"<!-- This site is optimized with the Yoast SEO plugin v27.4 - https:\/\/yoast.com\/product\/yoast-seo-wordpress\/ -->\n<title>Formulario de newsletter - csgconsultores<\/title>\n<meta name=\"robots\" content=\"index, follow, max-snippet:-1, max-image-preview:large, max-video-preview:-1\" \/>\n<link rel=\"canonical\" href=\"https:\/\/csgconsultores.com\/en\/formulario-de-newsletter\/\" \/>\n<meta property=\"og:locale\" content=\"en_US\" \/>\n<meta property=\"og:type\" content=\"article\" \/>\n<meta property=\"og:title\" content=\"Formulario de newsletter - csgconsultores\" \/>\n<meta property=\"og:description\" content=\"\u00danase a Nuestra NewsletterMant\u00e9ngase informado con las \u00faltimas novedades, consejos y recursos de CSG, Asesores &amp; Consultores (CSGAC). \u00danase a nuestra newsletter y reciba directamente en su correo electr\u00f3nico informaci\u00f3n valiosa para la gesti\u00f3n y crecimiento de su empresa. Noticias y tendencias del sector empresarial Consejos pr\u00e1cticos para la gesti\u00f3n de su empresa Informaci\u00f3n sobre [&hellip;]\" \/>\n<meta property=\"og:url\" content=\"https:\/\/csgconsultores.com\/en\/formulario-de-newsletter\/\" \/>\n<meta property=\"og:site_name\" content=\"csgconsultores\" \/>\n<meta property=\"article:modified_time\" content=\"2024-05-24T09:32:44+00:00\" \/>\n<meta name=\"twitter:card\" content=\"summary_large_image\" \/>\n<meta name=\"twitter:label1\" content=\"Est. reading time\" \/>\n\t<meta name=\"twitter:data1\" content=\"3 minutes\" \/>\n<script type=\"application\/ld+json\" class=\"yoast-schema-graph\">{\"@context\":\"https:\\\/\\\/schema.org\",\"@graph\":[{\"@type\":\"WebPage\",\"@id\":\"https:\\\/\\\/csgconsultores.com\\\/formulario-de-newsletter\\\/\",\"url\":\"https:\\\/\\\/csgconsultores.com\\\/formulario-de-newsletter\\\/\",\"name\":\"Formulario de newsletter - csgconsultores\",\"isPartOf\":{\"@id\":\"https:\\\/\\\/csgconsultores.com\\\/#website\"},\"datePublished\":\"2024-05-23T12:34:12+00:00\",\"dateModified\":\"2024-05-24T09:32:44+00:00\",\"breadcrumb\":{\"@id\":\"https:\\\/\\\/csgconsultores.com\\\/formulario-de-newsletter\\\/#breadcrumb\"},\"inLanguage\":\"en-US\",\"potentialAction\":[{\"@type\":\"ReadAction\",\"target\":[\"https:\\\/\\\/csgconsultores.com\\\/formulario-de-newsletter\\\/\"]}]},{\"@type\":\"BreadcrumbList\",\"@id\":\"https:\\\/\\\/csgconsultores.com\\\/formulario-de-newsletter\\\/#breadcrumb\",\"itemListElement\":[{\"@type\":\"ListItem\",\"position\":1,\"name\":\"Portada\",\"item\":\"https:\\\/\\\/csgconsultores.com\\\/\"},{\"@type\":\"ListItem\",\"position\":2,\"name\":\"Formulario de newsletter\"}]},{\"@type\":\"WebSite\",\"@id\":\"https:\\\/\\\/csgconsultores.com\\\/#website\",\"url\":\"https:\\\/\\\/csgconsultores.com\\\/\",\"name\":\"csgconsultores\",\"description\":\"\",\"potentialAction\":[{\"@type\":\"SearchAction\",\"target\":{\"@type\":\"EntryPoint\",\"urlTemplate\":\"https:\\\/\\\/csgconsultores.com\\\/?s={search_term_string}\"},\"query-input\":{\"@type\":\"PropertyValueSpecification\",\"valueRequired\":true,\"valueName\":\"search_term_string\"}}],\"inLanguage\":\"en-US\"}]}<\/script>\n<!-- \/ Yoast SEO plugin. -->","yoast_head_json":{"title":"Formulario de newsletter - csgconsultores","robots":{"index":"index","follow":"follow","max-snippet":"max-snippet:-1","max-image-preview":"max-image-preview:large","max-video-preview":"max-video-preview:-1"},"canonical":"https:\/\/csgconsultores.com\/en\/formulario-de-newsletter\/","og_locale":"en_US","og_type":"article","og_title":"Formulario de newsletter - csgconsultores","og_description":"\u00danase a Nuestra NewsletterMant\u00e9ngase informado con las \u00faltimas novedades, consejos y recursos de CSG, Asesores & Consultores (CSGAC). \u00danase a nuestra newsletter y reciba directamente en su correo electr\u00f3nico informaci\u00f3n valiosa para la gesti\u00f3n y crecimiento de su empresa. Noticias y tendencias del sector empresarial Consejos pr\u00e1cticos para la gesti\u00f3n de su empresa Informaci\u00f3n sobre [&hellip;]","og_url":"https:\/\/csgconsultores.com\/en\/formulario-de-newsletter\/","og_site_name":"csgconsultores","article_modified_time":"2024-05-24T09:32:44+00:00","twitter_card":"summary_large_image","twitter_misc":{"Est. reading time":"3 minutes"},"schema":{"@context":"https:\/\/schema.org","@graph":[{"@type":"WebPage","@id":"https:\/\/csgconsultores.com\/formulario-de-newsletter\/","url":"https:\/\/csgconsultores.com\/formulario-de-newsletter\/","name":"Formulario de newsletter - csgconsultores","isPartOf":{"@id":"https:\/\/csgconsultores.com\/#website"},"datePublished":"2024-05-23T12:34:12+00:00","dateModified":"2024-05-24T09:32:44+00:00","breadcrumb":{"@id":"https:\/\/csgconsultores.com\/formulario-de-newsletter\/#breadcrumb"},"inLanguage":"en-US","potentialAction":[{"@type":"ReadAction","target":["https:\/\/csgconsultores.com\/formulario-de-newsletter\/"]}]},{"@type":"BreadcrumbList","@id":"https:\/\/csgconsultores.com\/formulario-de-newsletter\/#breadcrumb","itemListElement":[{"@type":"ListItem","position":1,"name":"Portada","item":"https:\/\/csgconsultores.com\/"},{"@type":"ListItem","position":2,"name":"Formulario de newsletter"}]},{"@type":"WebSite","@id":"https:\/\/csgconsultores.com\/#website","url":"https:\/\/csgconsultores.com\/","name":"csgconsultores","description":"","potentialAction":[{"@type":"SearchAction","target":{"@type":"EntryPoint","urlTemplate":"https:\/\/csgconsultores.com\/?s={search_term_string}"},"query-input":{"@type":"PropertyValueSpecification","valueRequired":true,"valueName":"search_term_string"}}],"inLanguage":"en-US"}]}},"_links":{"self":[{"href":"https:\/\/csgconsultores.com\/en\/wp-json\/wp\/v2\/pages\/345069","targetHints":{"allow":["GET"]}}],"collection":[{"href":"https:\/\/csgconsultores.com\/en\/wp-json\/wp\/v2\/pages"}],"about":[{"href":"https:\/\/csgconsultores.com\/en\/wp-json\/wp\/v2\/types\/page"}],"author":[{"embeddable":true,"href":"https:\/\/csgconsultores.com\/en\/wp-json\/wp\/v2\/users\/1"}],"replies":[{"embeddable":true,"href":"https:\/\/csgconsultores.com\/en\/wp-json\/wp\/v2\/comments?post=345069"}],"version-history":[{"count":5,"href":"https:\/\/csgconsultores.com\/en\/wp-json\/wp\/v2\/pages\/345069\/revisions"}],"predecessor-version":[{"id":345248,"href":"https:\/\/csgconsultores.com\/en\/wp-json\/wp\/v2\/pages\/345069\/revisions\/345248"}],"wp:attachment":[{"href":"https:\/\/csgconsultores.com\/en\/wp-json\/wp\/v2\/media?parent=345069"}],"curies":[{"name":"wp","href":"https:\/\/api.w.org\/{rel}","templated":true}]}}