{"id":28,"date":"2024-05-16T14:39:37","date_gmt":"2024-05-16T12:39:37","guid":{"rendered":"https:\/\/csgconsultores.com.136-144-253-96.136-144-253-96.visualpublinet.com\/?page_id=28"},"modified":"2024-05-24T11:30:09","modified_gmt":"2024-05-24T09:30:09","slug":"blog","status":"publish","type":"page","link":"https:\/\/csgconsultores.com\/en\/blog\/","title":{"rendered":"Blog"},"content":{"rendered":"<p>[et_pb_section fb_built=\u00bb1&#8243; custom_padding_last_edited=\u00bbon|tablet\u00bb admin_label=\u00bbCABECERA\u00bb _builder_version=\u00bb4.25.1&#8243; _module_preset=\u00bbdefault\u00bb background_enable_image=\u00bboff\u00bb background_blend=\u00bboverlay\u00bb custom_margin=\u00bb0px||||false|false\u00bb custom_margin_tablet=\u00bb0px||||false|false\u00bb custom_margin_phone=\u00bb0px||||false|false\u00bb custom_margin_last_edited=\u00bbon|desktop\u00bb custom_padding_tablet=\u00bb0px||||false|false\u00bb custom_padding_phone=\u00bb0px||||false|false\u00bb locked=\u00bboff\u00bb global_colors_info=\u00bb{}\u00bb][et_pb_row make_equal=\u00bbon\u00bb custom_padding_last_edited=\u00bbon|tablet\u00bb module_class=\u00bbrowCabecera\u00bb _builder_version=\u00bb4.25.1&#8243; _module_preset=\u00bbdefault\u00bb use_background_color_gradient=\u00bbon\u00bb background_color_gradient_stops=\u00bbrgba(255,255,255,0.2) 0%|#ffffff 100%\u00bb background_image=\u00bbhttps:\/\/csgconsultores.com\/wp-content\/uploads\/2024\/05\/blog.jpg\u00bb background_position=\u00bbbottom_center\u00bb background_vertical_offset=\u00bb22%\u00bb background_blend=\u00bboverlay\u00bb width=\u00bb100%\u00bb max_width=\u00bb85%\u00bb max_width_tablet=\u00bb90%\u00bb max_width_phone=\u00bb90%\u00bb max_width_last_edited=\u00bbon|desktop\u00bb module_alignment=\u00bbcenter\u00bb min_height=\u00bb550px\u00bb min_height_tablet=\u00bb500px\u00bb min_height_phone=\u00bb500px\u00bb min_height_last_edited=\u00bbon|phone\u00bb height=\u00bb550px\u00bb height_tablet=\u00bb500px\u00bb height_phone=\u00bb500px\u00bb height_last_edited=\u00bbon|phone\u00bb max_height=\u00bb550px\u00bb max_height_tablet=\u00bb500px\u00bb max_height_phone=\u00bb500px\u00bb max_height_last_edited=\u00bbon|phone\u00bb custom_margin=\u00bb52px||||false|false\u00bb custom_margin_tablet=\u00bb0px||||false|false\u00bb custom_margin_phone=\u00bb0px||||false|false\u00bb custom_margin_last_edited=\u00bbon|phone\u00bb custom_padding_tablet=\u00bb0px||||false|false\u00bb custom_padding_phone=\u00bb0px||||false|false\u00bb background_last_edited=\u00bboff|phone\u00bb background_image_phone=\u00bbhttps:\/\/csgconsultores.com\/wp-content\/uploads\/2024\/05\/fiscalCSG.jpg\u00bb background_enable_image_phone=\u00bbon\u00bb background_position_phone=\u00bbcenter\u00bb global_colors_info=\u00bb{}\u00bb][et_pb_column type=\u00bb4_4&#8243; _builder_version=\u00bb4.25.1&#8243; _module_preset=\u00bbdefault\u00bb global_colors_info=\u00bb{}\u00bb][et_pb_text admin_label=\u00bbH1&#8243; _builder_version=\u00bb4.25.1&#8243; _dynamic_attributes=\u00bbcontent\u00bb _module_preset=\u00bbdefault\u00bb header_text_align=\u00bbcenter\u00bb custom_padding=\u00bb|2px||2px|false|false\u00bb global_colors_info=\u00bb{}\u00bb]@ET-DC@eyJkeW5hbWljIjp0cnVlLCJjb250ZW50IjoicG9zdF90aXRsZSIsInNldHRpbmdzIjp7ImJlZm9yZSI6IjxoMSBjbGFzcz1cInRpdHVsb1BhZ1wiPiIsImFmdGVyIjoiPC9oMT4ifX0=@[\/et_pb_text][\/et_pb_column][\/et_pb_row][\/et_pb_section][et_pb_section fb_built=\u00bb1&#8243; _builder_version=\u00bb4.25.1&#8243; _module_preset=\u00bbdefault\u00bb background_color=\u00bbRGBA(255,255,255,0)\u00bb custom_margin=\u00bb||||false|false\u00bb custom_padding=\u00bb0px||||false|false\u00bb global_colors_info=\u00bb{}\u00bb][et_pb_row make_equal=\u00bbon\u00bb _builder_version=\u00bb4.25.1&#8243; _module_preset=\u00bbdefault\u00bb width=\u00bb100%\u00bb max_width=\u00bb70%\u00bb max_width_tablet=\u00bb90%\u00bb max_width_phone=\u00bb90%\u00bb max_width_last_edited=\u00bbon|phone\u00bb custom_padding=\u00bb0px||||false|false\u00bb global_colors_info=\u00bb{}\u00bb][et_pb_column type=\u00bb4_4&#8243; _builder_version=\u00bb4.25.1&#8243; _module_preset=\u00bbdefault\u00bb global_colors_info=\u00bb{}\u00bb][et_pb_blog fullwidth=\u00bboff\u00bb meta_date=\u00bbj m y\u00bb show_more=\u00bbon\u00bb show_author=\u00bboff\u00bb show_date=\u00bboff\u00bb show_categories=\u00bboff\u00bb _builder_version=\u00bb4.25.1&#8243; _module_preset=\u00bbdefault\u00bb header_font=\u00bbMontserrat|500||on|||||\u00bb header_text_color=\u00bb#781126&#8243; header_font_size=\u00bb20px\u00bb body_font=\u00bbMontserrat||||||||\u00bb body_text_color=\u00bb#26292C\u00bb meta_font=\u00bbMontserrat|500||on|||||\u00bb meta_text_color=\u00bb#847A78&#8243; meta_font_size=\u00bb16px\u00bb read_more_font=\u00bbMontserrat|||on|||||\u00bb read_more_text_color=\u00bb#781126&#8243; pagination_font=\u00bbMontserrat||||||||\u00bb pagination_text_color=\u00bb#781126&#8243; text_orientation=\u00bbcenter\u00bb header_font_size_tablet=\u00bb18px\u00bb header_font_size_phone=\u00bb18px\u00bb header_font_size_last_edited=\u00bbon|phone\u00bb border_width_all=\u00bb2px\u00bb border_color_all=\u00bb#E6E4E4&#8243; border_color_all_image=\u00bb#781126&#8243; box_shadow_style=\u00bbpreset4&#8243; box_shadow_horizontal=\u00bb20px\u00bb box_shadow_vertical=\u00bb20px\u00bb box_shadow_color=\u00bb#E6E4E4&#8243; box_shadow_horizontal_tablet=\u00bb20px\u00bb box_shadow_horizontal_phone=\u00bb10px\u00bb box_shadow_horizontal_last_edited=\u00bbon|phone\u00bb box_shadow_vertical_tablet=\u00bb20px\u00bb box_shadow_vertical_phone=\u00bb10px\u00bb box_shadow_vertical_last_edited=\u00bbon|phone\u00bb global_colors_info=\u00bb{}\u00bb][\/et_pb_blog][\/et_pb_column][\/et_pb_row][\/et_pb_section][et_pb_section fb_built=\u00bb1&#8243; admin_label=\u00bbcta\u00bb _builder_version=\u00bb4.25.1&#8243; _module_preset=\u00bbdefault\u00bb custom_margin_tablet=\u00bb||0px||false|false\u00bb custom_margin_phone=\u00bb0px||||false|false\u00bb custom_margin_last_edited=\u00bbon|tablet\u00bb custom_padding=\u00bb0px||0px||false|false\u00bb locked=\u00bboff\u00bb global_colors_info=\u00bb{}\u00bb][et_pb_row _builder_version=\u00bb4.25.1&#8243; _module_preset=\u00bbdefault\u00bb width=\u00bb100%\u00bb max_width=\u00bb80%\u00bb max_width_tablet=\u00bb70%\u00bb max_width_phone=\u00bb90%\u00bb max_width_last_edited=\u00bbon|phone\u00bb animation_style=\u00bbfade\u00bb locked=\u00bboff\u00bb global_colors_info=\u00bb{}\u00bb][et_pb_column type=\u00bb4_4&#8243; _builder_version=\u00bb4.25.1&#8243; _module_preset=\u00bbdefault\u00bb global_colors_info=\u00bb{}\u00bb][et_pb_divider color=\u00bb#781126&#8243; divider_weight=\u00bb2px\u00bb _builder_version=\u00bb4.25.1&#8243; _module_preset=\u00bbdefault\u00bb max_width=\u00bb80%\u00bb module_alignment=\u00bbcenter\u00bb global_colors_info=\u00bb{}\u00bb][\/et_pb_divider][et_pb_text content_tablet=\u00bb<\/p>\n<h2 class=%22titleSN%22>\u00a1Trabajemos juntos!<\/h2>\n<p>Le invitamos a que <strong>solicite presupuesto sin compromiso<\/strong> o se ponga en contacto con nosotros para resolver cualquier duda:<\/p>\n<p>Llame ahora al <a href=%22tel:+34610516271%22 data-et-target-link=%22_blank%22 rel=%22noopener%22>610 516 271<\/a> o al <a href=%22tel:+34928247128%22 data-et-target-link=%22_blank%22 rel=%22noopener%22>928 247 128<\/a>, o env\u00edenos un correo electr\u00f3nico a <a href=%22mailto:info@csgconsultores.com%22 data-et-target-link=%22_blank%22 rel=%22noopener%22>info@csgconsultores.com<\/a><\/p>\n<p>\u00bb content_phone=\u00bb<\/p>\n<h2 class=%22titleSN%22>\u00a1Trabajemos juntos!<\/h2>\n<p>Le invitamos a que <strong>solicite presupuesto sin compromiso<\/strong> o se ponga en contacto con nosotros para resolver cualquier duda:<\/p>\n<p>Llame ahora al <a href=%22tel:+34610516271%22 data-et-target-link=%22_blank%22 rel=%22noopener%22>610 516 271<\/a> <br \/> o al <a href=%22tel:+34928247128%22 data-et-target-link=%22_blank%22 rel=%22noopener%22>928 247 128<\/a>, o env\u00edenos un correo electr\u00f3nico a <a href=%22mailto:info@csgconsultores.com%22 data-et-target-link=%22_blank%22 rel=%22noopener%22>info@csgconsultores.com<\/a><\/p>\n<p>\u00bb content_last_edited=\u00bbon|desktop\u00bb module_class=\u00bblink\u00bb _builder_version=\u00bb4.25.1&#8243; _module_preset=\u00bbdefault\u00bb header_text_align=\u00bbcenter\u00bb header_2_text_align=\u00bbcenter\u00bb header_3_text_align=\u00bbcenter\u00bb custom_margin=\u00bb||0px||false|false\u00bb custom_padding=\u00bb||10px||false|false\u00bb locked=\u00bboff\u00bb global_colors_info=\u00bb{}\u00bb]<\/p>\n<h2 class=\"titleSN\">Junto a CSGAC, su empresa estar\u00e1 en el camino del \u00e9xito.<\/h2>\n<p>Llame ahora al <a href=\"tel:+34610516271\" target=\"_blank\" rel=\"noopener\">610 516 271<\/a> o al <a href=\"tel:+34928247128\" target=\"_blank\" rel=\"noopener\">928 247 128<\/a>, o env\u00edenos un correo electr\u00f3nico a <a href=\"mailto:info@csgconsultores.com\" target=\"_blank\" rel=\"noopener\">info@csgconsultores.com<\/a><\/p>\n<p>[\/et_pb_text][\/et_pb_column][\/et_pb_row][et_pb_row column_structure=\u00bb1_3,1_3,1_3&#8243; make_equal=\u00bbon\u00bb module_class=\u00bbctaS\u00bb _builder_version=\u00bb4.25.1&#8243; _module_preset=\u00bbdefault\u00bb width=\u00bb100%\u00bb max_width=\u00bb70%\u00bb max_width_tablet=\u00bb60%\u00bb max_width_phone=\u00bb90%\u00bb max_width_last_edited=\u00bbon|phone\u00bb custom_margin=\u00bb0px||||false|false\u00bb custom_padding=\u00bb0px||||false|false\u00bb hover_enabled=\u00bb0&#8243; saved_tabs=\u00bball\u00bb locked=\u00bboff\u00bb global_colors_info=\u00bb{}\u00bb sticky_enabled=\u00bb0&#8243;][et_pb_column type=\u00bb1_3&#8243; _builder_version=\u00bb4.25.1&#8243; _module_preset=\u00bbdefault\u00bb background_color=\u00bb#781126&#8243; custom_padding=\u00bb30px|30px|30px|30px|false|false\u00bb hover_enabled=\u00bb0&#8243; box_shadow_style=\u00bbpreset6&#8243; box_shadow_blur=\u00bb5px\u00bb box_shadow_spread=\u00bb1px\u00bb box_shadow_color=\u00bb#E6E4E4&#8243; global_colors_info=\u00bb{}\u00bb sticky_enabled=\u00bb0&#8243;][et_pb_blurb url=\u00bb@ET-DC@eyJkeW5hbWljIjp0cnVlLCJjb250ZW50IjoicG9zdF9saW5rX3VybF9wYWdlIiwic2V0dGluZ3MiOnsicG9zdF9pZCI6IjM0NDk5NiJ9fQ==@\u00bb image=\u00bbhttps:\/\/csgconsultores.com\/wp-content\/uploads\/2024\/05\/formularios-de-google1.svg\u00bb image_icon_width=\u00bb20%\u00bb image_icon_width_tablet=\u00bb16%\u00bb image_icon_width_phone=\u00bb25%\u00bb image_icon_width_last_edited=\u00bbon|phone\u00bb _builder_version=\u00bb4.25.1&#8243; _dynamic_attributes=\u00bburl,link_option_url\u00bb _module_preset=\u00bbdefault\u00bb image_icon_custom_margin=\u00bb-5px||||false|false\u00bb link_option_url=\u00bb@ET-DC@eyJkeW5hbWljIjp0cnVlLCJjb250ZW50IjoicG9zdF9saW5rX3VybF9wYWdlIiwic2V0dGluZ3MiOnsicG9zdF9pZCI6IjM0NDk5NiJ9fQ==@\u00bb locked=\u00bboff\u00bb global_colors_info=\u00bb{}\u00bb]<\/p>\n<h4 class=\"titleAd\">FORMULARIO DE CONTACTO<\/h4>\n<p class=\"textAd\">Estamos siempre dispuestos a ayudarle<\/p>\n<p>[\/et_pb_blurb][\/et_pb_column][et_pb_column type=\u00bb1_3&#8243; _builder_version=\u00bb4.25.1&#8243; _module_preset=\u00bbdefault\u00bb background_color=\u00bb#781126&#8243; custom_padding=\u00bb30px|30px|30px|30px|false|false\u00bb box_shadow_style=\u00bbpreset6&#8243; box_shadow_blur=\u00bb5px\u00bb box_shadow_spread=\u00bb1px\u00bb box_shadow_color=\u00bb#E6E4E4&#8243; global_colors_info=\u00bb{}\u00bb][et_pb_blurb url=\u00bb@ET-DC@eyJkeW5hbWljIjp0cnVlLCJjb250ZW50IjoicG9zdF9saW5rX3VybF9wYWdlIiwic2V0dGluZ3MiOnsicG9zdF9pZCI6IjM0NTAyOCJ9fQ==@\u00bb image=\u00bbhttps:\/\/csgconsultores.com\/wp-content\/uploads\/2024\/05\/calculadora.svg\u00bb image_icon_width=\u00bb20%\u00bb image_icon_width_tablet=\u00bb16%\u00bb image_icon_width_phone=\u00bb25%\u00bb image_icon_width_last_edited=\u00bbon|phone\u00bb _builder_version=\u00bb4.25.1&#8243; _dynamic_attributes=\u00bburl,link_option_url\u00bb _module_preset=\u00bbdefault\u00bb image_icon_custom_margin=\u00bb-5px||||false|false\u00bb link_option_url=\u00bb@ET-DC@eyJkeW5hbWljIjp0cnVlLCJjb250ZW50IjoicG9zdF9saW5rX3VybF9wYWdlIiwic2V0dGluZ3MiOnsicG9zdF9pZCI6IjM0NTAyOCJ9fQ==@\u00bb global_colors_info=\u00bb{}\u00bb]<\/p>\n<h4 class=\"titleAd\">Solicite presupuesto<\/h4>\n<p class=\"textAd\">sin compromiso<\/p>\n<p>[\/et_pb_blurb][\/et_pb_column][et_pb_column type=\u00bb1_3&#8243; _builder_version=\u00bb4.25.1&#8243; _module_preset=\u00bbdefault\u00bb background_color=\u00bb#781126&#8243; custom_padding=\u00bb30px|30px|30px|30px|false|false\u00bb box_shadow_style=\u00bbpreset6&#8243; box_shadow_blur=\u00bb5px\u00bb box_shadow_spread=\u00bb1px\u00bb box_shadow_color=\u00bb#E6E4E4&#8243; global_colors_info=\u00bb{}\u00bb][et_pb_blurb url=\u00bb@ET-DC@eyJkeW5hbWljIjp0cnVlLCJjb250ZW50IjoicG9zdF9saW5rX3VybF9wYWdlIiwic2V0dGluZ3MiOnsicG9zdF9pZCI6IjM0NTA2OSJ9fQ==@\u00bb image=\u00bbhttps:\/\/csgconsultores.com\/wp-content\/uploads\/2024\/05\/correo-electronico.svg\u00bb image_icon_width=\u00bb20%\u00bb image_icon_width_tablet=\u00bb16%\u00bb image_icon_width_phone=\u00bb25%\u00bb image_icon_width_last_edited=\u00bbon|phone\u00bb _builder_version=\u00bb4.25.1&#8243; _dynamic_attributes=\u00bburl,link_option_url\u00bb _module_preset=\u00bbdefault\u00bb custom_margin=\u00bb-5px||||false|false\u00bb link_option_url=\u00bb@ET-DC@eyJkeW5hbWljIjp0cnVlLCJjb250ZW50IjoicG9zdF9saW5rX3VybF9wYWdlIiwic2V0dGluZ3MiOnsicG9zdF9pZCI6IjM0NTA2OSJ9fQ==@\u00bb locked=\u00bboff\u00bb global_colors_info=\u00bb{}\u00bb]<\/p>\n<h4 class=\"titleAd\">Suscr\u00edbase a nuestra newsletter<\/h4>\n<p class=\"textAd\">para recibir las \u00faltimas noticias del sector<\/p>\n<p>[\/et_pb_blurb][\/et_pb_column][\/et_pb_row][\/et_pb_section]<\/p>\n","protected":false},"excerpt":{"rendered":"<p>Junto a CSGAC, su empresa estar\u00e1 en el camino del \u00e9xito. Llame ahora al 610 516 271 o al 928 247 128, o env\u00edenos un correo electr\u00f3nico a info@csgconsultores.comFORMULARIO DE CONTACTO Estamos siempre dispuestos a ayudarleSolicite presupuesto sin compromisoSuscr\u00edbase a nuestra newsletter para recibir las \u00faltimas noticias del sector<\/p>","protected":false},"author":1,"featured_media":0,"parent":0,"menu_order":0,"comment_status":"closed","ping_status":"closed","template":"","meta":{"_et_pb_use_builder":"on","_et_pb_old_content":"","_et_gb_content_width":"","footnotes":""},"class_list":["post-28","page","type-page","status-publish","hentry"],"yoast_head":"<!-- This site is optimized with the Yoast SEO plugin v27.5 - https:\/\/yoast.com\/product\/yoast-seo-wordpress\/ -->\n<title>Blog - csgconsultores<\/title>\n<meta name=\"robots\" content=\"index, follow, max-snippet:-1, max-image-preview:large, max-video-preview:-1\" \/>\n<link rel=\"canonical\" href=\"https:\/\/csgconsultores.com\/en\/blog\/\" \/>\n<meta property=\"og:locale\" content=\"en_US\" \/>\n<meta property=\"og:type\" content=\"article\" \/>\n<meta property=\"og:title\" content=\"Blog - csgconsultores\" \/>\n<meta property=\"og:description\" content=\"Junto a CSGAC, su empresa estar\u00e1 en el camino del \u00e9xito. Llame ahora al 610 516 271 o al 928 247 128, o env\u00edenos un correo electr\u00f3nico a info@csgconsultores.comFORMULARIO DE CONTACTO Estamos siempre dispuestos a ayudarleSolicite presupuesto sin compromisoSuscr\u00edbase a nuestra newsletter para recibir las \u00faltimas noticias del sector\" \/>\n<meta property=\"og:url\" content=\"https:\/\/csgconsultores.com\/en\/blog\/\" \/>\n<meta property=\"og:site_name\" content=\"csgconsultores\" \/>\n<meta property=\"article:modified_time\" content=\"2024-05-24T09:30:09+00:00\" \/>\n<meta name=\"twitter:card\" content=\"summary_large_image\" \/>\n<meta name=\"twitter:label1\" content=\"Est. reading time\" \/>\n\t<meta name=\"twitter:data1\" content=\"5 minutes\" \/>\n<script type=\"application\/ld+json\" class=\"yoast-schema-graph\">{\"@context\":\"https:\\\/\\\/schema.org\",\"@graph\":[{\"@type\":\"WebPage\",\"@id\":\"https:\\\/\\\/csgconsultores.com\\\/blog\\\/\",\"url\":\"https:\\\/\\\/csgconsultores.com\\\/blog\\\/\",\"name\":\"Blog - csgconsultores\",\"isPartOf\":{\"@id\":\"https:\\\/\\\/csgconsultores.com\\\/#website\"},\"datePublished\":\"2024-05-16T12:39:37+00:00\",\"dateModified\":\"2024-05-24T09:30:09+00:00\",\"breadcrumb\":{\"@id\":\"https:\\\/\\\/csgconsultores.com\\\/blog\\\/#breadcrumb\"},\"inLanguage\":\"en-US\",\"potentialAction\":[{\"@type\":\"ReadAction\",\"target\":[\"https:\\\/\\\/csgconsultores.com\\\/blog\\\/\"]}]},{\"@type\":\"BreadcrumbList\",\"@id\":\"https:\\\/\\\/csgconsultores.com\\\/blog\\\/#breadcrumb\",\"itemListElement\":[{\"@type\":\"ListItem\",\"position\":1,\"name\":\"Portada\",\"item\":\"https:\\\/\\\/csgconsultores.com\\\/\"},{\"@type\":\"ListItem\",\"position\":2,\"name\":\"Blog\"}]},{\"@type\":\"WebSite\",\"@id\":\"https:\\\/\\\/csgconsultores.com\\\/#website\",\"url\":\"https:\\\/\\\/csgconsultores.com\\\/\",\"name\":\"csgconsultores\",\"description\":\"\",\"potentialAction\":[{\"@type\":\"SearchAction\",\"target\":{\"@type\":\"EntryPoint\",\"urlTemplate\":\"https:\\\/\\\/csgconsultores.com\\\/?s={search_term_string}\"},\"query-input\":{\"@type\":\"PropertyValueSpecification\",\"valueRequired\":true,\"valueName\":\"search_term_string\"}}],\"inLanguage\":\"en-US\"}]}<\/script>\n<!-- \/ Yoast SEO plugin. -->","yoast_head_json":{"title":"Blog - csgconsultores","robots":{"index":"index","follow":"follow","max-snippet":"max-snippet:-1","max-image-preview":"max-image-preview:large","max-video-preview":"max-video-preview:-1"},"canonical":"https:\/\/csgconsultores.com\/en\/blog\/","og_locale":"en_US","og_type":"article","og_title":"Blog - csgconsultores","og_description":"Junto a CSGAC, su empresa estar\u00e1 en el camino del \u00e9xito. Llame ahora al 610 516 271 o al 928 247 128, o env\u00edenos un correo electr\u00f3nico a info@csgconsultores.comFORMULARIO DE CONTACTO Estamos siempre dispuestos a ayudarleSolicite presupuesto sin compromisoSuscr\u00edbase a nuestra newsletter para recibir las \u00faltimas noticias del sector","og_url":"https:\/\/csgconsultores.com\/en\/blog\/","og_site_name":"csgconsultores","article_modified_time":"2024-05-24T09:30:09+00:00","twitter_card":"summary_large_image","twitter_misc":{"Est. reading time":"5 minutes"},"schema":{"@context":"https:\/\/schema.org","@graph":[{"@type":"WebPage","@id":"https:\/\/csgconsultores.com\/blog\/","url":"https:\/\/csgconsultores.com\/blog\/","name":"Blog - csgconsultores","isPartOf":{"@id":"https:\/\/csgconsultores.com\/#website"},"datePublished":"2024-05-16T12:39:37+00:00","dateModified":"2024-05-24T09:30:09+00:00","breadcrumb":{"@id":"https:\/\/csgconsultores.com\/blog\/#breadcrumb"},"inLanguage":"en-US","potentialAction":[{"@type":"ReadAction","target":["https:\/\/csgconsultores.com\/blog\/"]}]},{"@type":"BreadcrumbList","@id":"https:\/\/csgconsultores.com\/blog\/#breadcrumb","itemListElement":[{"@type":"ListItem","position":1,"name":"Portada","item":"https:\/\/csgconsultores.com\/"},{"@type":"ListItem","position":2,"name":"Blog"}]},{"@type":"WebSite","@id":"https:\/\/csgconsultores.com\/#website","url":"https:\/\/csgconsultores.com\/","name":"csgconsultores","description":"","potentialAction":[{"@type":"SearchAction","target":{"@type":"EntryPoint","urlTemplate":"https:\/\/csgconsultores.com\/?s={search_term_string}"},"query-input":{"@type":"PropertyValueSpecification","valueRequired":true,"valueName":"search_term_string"}}],"inLanguage":"en-US"}]}},"_links":{"self":[{"href":"https:\/\/csgconsultores.com\/en\/wp-json\/wp\/v2\/pages\/28","targetHints":{"allow":["GET"]}}],"collection":[{"href":"https:\/\/csgconsultores.com\/en\/wp-json\/wp\/v2\/pages"}],"about":[{"href":"https:\/\/csgconsultores.com\/en\/wp-json\/wp\/v2\/types\/page"}],"author":[{"embeddable":true,"href":"https:\/\/csgconsultores.com\/en\/wp-json\/wp\/v2\/users\/1"}],"replies":[{"embeddable":true,"href":"https:\/\/csgconsultores.com\/en\/wp-json\/wp\/v2\/comments?post=28"}],"version-history":[{"count":17,"href":"https:\/\/csgconsultores.com\/en\/wp-json\/wp\/v2\/pages\/28\/revisions"}],"predecessor-version":[{"id":345246,"href":"https:\/\/csgconsultores.com\/en\/wp-json\/wp\/v2\/pages\/28\/revisions\/345246"}],"wp:attachment":[{"href":"https:\/\/csgconsultores.com\/en\/wp-json\/wp\/v2\/media?parent=28"}],"curies":[{"name":"wp","href":"https:\/\/api.w.org\/{rel}","templated":true}]}}